{"id":12077,"date":"2026-04-10T11:21:05","date_gmt":"2026-04-10T09:21:05","guid":{"rendered":"https:\/\/elsol.ch\/product\/chiles-chipotles-en-adobo-la-costena\/"},"modified":"2026-04-10T11:21:06","modified_gmt":"2026-04-10T09:21:06","slug":"chiles-chipotles-en-adobo-la-costena","status":"publish","type":"product","link":"https:\/\/elsol.ch\/en\/shop\/lebensmittel\/chilis\/eingelegte-chilis\/chiles-chipotles-en-adobo-la-costena\/","title":{"rendered":"Chiles Chipotles en Adobo, La Coste\u00f1a"},"content":{"rendered":"<p>Diese ger\u00e4ucherten Jalape\u00f1os sind in einer reichhaltigen, w\u00fcrzigen Adobosauce eingelegt, die eine perfekte Kombination aus Sch\u00e4rfe und Geschmack bietet. Ideal f\u00fcr Saucen, Eint\u00f6pfe, Marinaden oder als w\u00fcrzige Beilage \u2013 bringen Sie mit diesen authentischen Chipotles mexikanische Aromen direkt in Ihre K\u00fcche!<\/p>\n","protected":false},"excerpt":{"rendered":"<p>Diese ger\u00e4ucherten Jalape\u00f1os sind in einer reichhaltigen, w\u00fcrzigen Adobosauce eingelegt, die eine perfekte Kombination aus Sch\u00e4rfe und Geschmack bietet. Ideal f\u00fcr Saucen, Eint\u00f6pfe, Marinaden oder als w\u00fcrzige Beilage \u2013 bringen Sie mit diesen authentischen Chipotles mexikanische Aromen direkt in Ihre K\u00fcche!<\/p>\n","protected":false},"featured_media":12514,"template":"","meta":[],"product_brand":[],"product_cat":[223,225,217],"product_tag":[],"class_list":{"0":"post-12077","1":"product","2":"type-product","3":"status-publish","4":"has-post-thumbnail","6":"product_cat-chilis","7":"product_cat-eingelegte-chilis","8":"product_cat-lebensmittel","10":"first","11":"instock","12":"purchasable","13":"product-type-simple"},"_links":{"self":[{"href":"https:\/\/elsol.ch\/en\/wp-json\/wp\/v2\/product\/12077","targetHints":{"allow":["GET"]}}],"collection":[{"href":"https:\/\/elsol.ch\/en\/wp-json\/wp\/v2\/product"}],"about":[{"href":"https:\/\/elsol.ch\/en\/wp-json\/wp\/v2\/types\/product"}],"wp:featuredmedia":[{"embeddable":true,"href":"https:\/\/elsol.ch\/en\/wp-json\/wp\/v2\/media\/12514"}],"wp:attachment":[{"href":"https:\/\/elsol.ch\/en\/wp-json\/wp\/v2\/media?parent=12077"}],"wp:term":[{"taxonomy":"product_brand","embeddable":true,"href":"https:\/\/elsol.ch\/en\/wp-json\/wp\/v2\/product_brand?post=12077"},{"taxonomy":"product_cat","embeddable":true,"href":"https:\/\/elsol.ch\/en\/wp-json\/wp\/v2\/product_cat?post=12077"},{"taxonomy":"product_tag","embeddable":true,"href":"https:\/\/elsol.ch\/en\/wp-json\/wp\/v2\/product_tag?post=12077"}],"curies":[{"name":"wp","href":"https:\/\/api.w.org\/{rel}","templated":true}]}}