{"id":2930,"date":"2018-07-05T05:06:26","date_gmt":"2018-07-05T05:06:26","guid":{"rendered":"https:\/\/elsol.ch\/?page_id=2930"},"modified":"2020-08-31T11:51:00","modified_gmt":"2020-08-31T09:51:00","slug":"gastronomie","status":"publish","type":"page","link":"https:\/\/elsol.ch\/es\/gastronomie\/","title":{"rendered":"Dienstleistungen"},"content":{"rendered":"<div class=\"wpb-content-wrapper\"><p>[vc_row full_width=&#8221;stretch_row&#8221; css=&#8221;.vc_custom_1563884875318{padding-top: 225px !important;padding-bottom: 300px !important;background-image: url(https:\/\/elsol.ch\/wp-content\/uploads\/2019\/07\/shutterstock_1338525623-2.jpg?id=4560) !important;background-position: center !important;background-repeat: no-repeat !important;background-size: cover !important;}&#8221; el_class=&#8221;cr-the-banner&#8221;][vc_column][vc_row_inner][vc_column_inner width=&#8221;1\/6&#8243;][\/vc_column_inner][vc_column_inner width=&#8221;2\/3&#8243;][vc_column_text]<\/p>\n<h1 style=\"text-align: center;\"><span style=\"color: #000000;\">Servicios de asistencia<\/span><\/h1>\n<p>[\/vc_column_text][\/vc_column_inner][vc_column_inner width=&#8221;1\/6&#8243;][\/vc_column_inner][\/vc_row_inner][\/vc_column][\/vc_row][vc_section full_width=&#8221;stretch_row&#8221; css=&#8221;.vc_custom_1562655766514{padding-top: 100px !important;background-color: #f9f9f9 !important;}&#8221;][vc_row type=&#8221;boxed&#8221;][vc_column width=&#8221;1\/2&#8243;][vc_column_text]<strong><span style=\"vertical-align: inherit;\"><span style=\"vertical-align: inherit;\">1. Servicio de alimentos<\/span><\/span><\/strong><\/p>\n<p><span style=\"vertical-align: inherit;\"><span style=\"vertical-align: inherit;\">Nuestros clientes gastron\u00f3micos y mayistas the benefician de condiciones especiales. <\/span><span style=\"vertical-align: inherit;\">Suministramos semanalmente a nuestros clientes en toda Suiza con nuestra flota de veh\u00edculos oa trav\u00e9s de una agencia de transportes.<\/span><\/span><\/p>\n<p><span style=\"vertical-align: inherit;\"><span style=\"vertical-align: inherit;\">Informaci\u00f3n: <a href=\"mailto:info@elsol.ch\">info@elsol.ch<\/a><\/span><\/span>[\/vc_column_text][\/vc_column][vc_column width=&#8221;1\/2&#8243;][vc_column_text]<strong><span style=\"vertical-align: inherit;\"><span style=\"vertical-align: inherit;\">2. Conceptos y consejos<\/span><\/span><\/strong><\/p>\n<p><span style=\"vertical-align: inherit;\"><span style=\"vertical-align: inherit;\">Tenemos d\u00e9cadas de experiencia en gastronom\u00eda. <\/span><span style=\"vertical-align: inherit;\">Acompa\u00f1amos a nuestros clientes in the desarrollo de nuevos conceptos gastron\u00f3micos y les ayudamos como socios en cada fase.<\/span><\/span><\/p>\n<p><span style=\"vertical-align: inherit;\"><span style=\"vertical-align: inherit;\">Contact: <a href=\"mailto:r.schluep@elsol.ch\">r.schluep@elsol.ch<\/a><\/span><\/span>[\/vc_column_text][\/vc_column][\/vc_row][\/vc_section][vc_section full_width=&#8221;stretch_row&#8221; css=&#8221;.vc_custom_1562655776090{padding-bottom: 100px !important;background-color: #f9f9f9 !important;}&#8221;][vc_row type=&#8221;boxed&#8221;][vc_column width=&#8221;1\/2&#8243; css=&#8221;.vc_custom_1562572614014{background-color: #f9f9f9 !important;}&#8221;][vc_separator][vc_column_text]<\/p>\n<p><strong>3. Tienda<\/strong><\/p>\n<p>Nuestra tienda est\u00e1 ubicada en Lachenstrasse 10 en 4123 Allschwil, donde ofrecemos una amplia gama de artesan\u00edas mexicanas, decoraciones, vajillas y muebles adem\u00e1s de comida.<\/p>\n<p>Horario de apertura:<\/p>\n<p><b class=\"ccr-time\">Lun &#8211; Vie<\/b> 8:00 &#8211; 12:00 y 13:30 &#8211; 17:30<\/p>\n<p><b class=\"ccr-time\">Cada \u00faltimo s\u00e1bado del mes<\/b> 10:00 &#8211; 16:00<\/p>\n<p>[\/vc_column_text][\/vc_column][vc_column width=&#8221;1\/2&#8243; css=&#8221;.vc_custom_1562572620633{background-color: #f9f9f9 !important;}&#8221;][vc_separator][vc_column_text]<strong>4. Importaci\u00f3n<\/strong><\/p>\n<p>\u00bfEst\u00e1s buscando algo especial de M\u00e9xico que no tenemos en nuestro surtido? No hay problema. Gracias a nuestros mejores contactos en M\u00e9xico, somos capaces de responder a las solicitudes de nuestros clientes e importar equipos completos de restaurante para usted.<\/p>\n<p>Informaci\u00f3n: <a href=\"mailto:info@elsol.ch\">info@elsol.ch<\/a>[\/vc_column_text][\/vc_column][\/vc_row][\/vc_section]<\/p>\n<\/div>","protected":false},"excerpt":{"rendered":"<p>[vc_row full_width=&#8221;stretch_row&#8221; css=&#8221;.vc_custom_1563884875318{padding-top: 225px !important;padding-bottom: 300px !important;background-image: url(https:\/\/elsol.ch\/wp-content\/uploads\/2019\/07\/shutterstock_1338525623-2.jpg?id=4560) !important;background-position: center !important;background-repeat: no-repeat !important;background-size: cover !important;}&#8221; el_class=&#8221;cr-the-banner&#8221;][vc_column][vc_row_inner][vc_column_inner width=&#8221;1\/6&#8243;][\/vc_column_inner][vc_column_inner width=&#8221;2\/3&#8243;][vc_column_text] Servicios de asistencia [\/vc_column_text][\/vc_column_inner][vc_column_inner width=&#8221;1\/6&#8243;][\/vc_column_inner][\/vc_row_inner][\/vc_column][\/vc_row][vc_section full_width=&#8221;stretch_row&#8221; css=&#8221;.vc_custom_1562655766514{padding-top: 100px !important;background-color: #f9f9f9 !important;}&#8221;][vc_row type=&#8221;boxed&#8221;][vc_column width=&#8221;1\/2&#8243;][vc_column_text]1. Servicio de alimentos Nuestros clientes gastron\u00f3micos y mayistas the benefician de condiciones especiales. Suministramos semanalmente a nuestros clientes en toda Suiza con nuestra flota [&hellip;]<\/p>\n","protected":false},"author":788,"featured_media":0,"parent":0,"menu_order":0,"comment_status":"closed","ping_status":"closed","template":"page-full-width.php","meta":{"footnotes":""},"class_list":["post-2930","page","type-page","status-publish","hentry"],"_links":{"self":[{"href":"https:\/\/elsol.ch\/es\/wp-json\/wp\/v2\/pages\/2930","targetHints":{"allow":["GET"]}}],"collection":[{"href":"https:\/\/elsol.ch\/es\/wp-json\/wp\/v2\/pages"}],"about":[{"href":"https:\/\/elsol.ch\/es\/wp-json\/wp\/v2\/types\/page"}],"author":[{"embeddable":true,"href":"https:\/\/elsol.ch\/es\/wp-json\/wp\/v2\/users\/788"}],"replies":[{"embeddable":true,"href":"https:\/\/elsol.ch\/es\/wp-json\/wp\/v2\/comments?post=2930"}],"version-history":[{"count":84,"href":"https:\/\/elsol.ch\/es\/wp-json\/wp\/v2\/pages\/2930\/revisions"}],"predecessor-version":[{"id":8062,"href":"https:\/\/elsol.ch\/es\/wp-json\/wp\/v2\/pages\/2930\/revisions\/8062"}],"wp:attachment":[{"href":"https:\/\/elsol.ch\/es\/wp-json\/wp\/v2\/media?parent=2930"}],"curies":[{"name":"wp","href":"https:\/\/api.w.org\/{rel}","templated":true}]}}