{"id":3039,"date":"2018-07-06T04:56:13","date_gmt":"2018-07-06T04:56:13","guid":{"rendered":"https:\/\/elsol.ch\/?page_id=3039"},"modified":"2019-08-19T13:09:36","modified_gmt":"2019-08-19T13:09:36","slug":"agb","status":"publish","type":"page","link":"https:\/\/elsol.ch\/es\/agb\/","title":{"rendered":"AGB"},"content":{"rendered":"<div class=\"wpb-content-wrapper\"><p>[vc_row full_width=&#8221;stretch_row_content&#8221; full_height=&#8221;yes&#8221; columns_placement=&#8221;stretch&#8221; equal_height=&#8221;yes&#8221; content_placement=&#8221;middle&#8221; columns_height=&#8221;adjust_cols_height&#8221; font_color=&#8221;#ffffff&#8221; background_style=&#8221;normal&#8221; css=&#8221;.vc_custom_1566219807627{margin-top: 0px !important;padding-top: 0px !important;background-color: #dd3333 !important;}&#8221;][vc_column css=&#8221;.vc_custom_1485446031871{margin-bottom: 0px !important;padding-top: 170px !important;padding-right: 15% !important;padding-bottom: 140px !important;padding-left: 15% !important;}&#8221; offset=&#8221;vc_col-lg-6 vc_col-md-6&#8243;][vc_column_text]<\/p>\n<h1 class=\"page-title on-shop\"><span style=\"color: #ffffff;\">AGB<\/span><\/h1>\n<p>[\/vc_column_text][vc_separator color=&#8221;custom&#8221; accent_color=&#8221;#ffffff&#8221; css=&#8221;.vc_custom_1566219957917{margin-top: 75px !important;margin-bottom: 75px !important;}&#8221;][vc_row_inner][vc_column_inner][vc_custom_heading text=&#8221;Allgemeine Gesch\u00e4ftsbedingungen<br \/>\nVersand in der Schweiz und Liechtenstein&#8221; font_container=&#8221;tag:h3|text_align:left|color:%23ffffff&#8221; use_theme_fonts=&#8221;yes&#8221; css=&#8221;.vc_custom_1566219933931{margin-bottom: 0px !important;}&#8221; el_class=&#8221;cr-swinging-text&#8221;][vc_column_text]<\/p>\n<p style=\"color: #ffffff;\">S\u00e4mtliche genannten Preise sind in Schweizer Franken (CHF), inklusive Mehrwertsteuer und ohne Versandkosten. F\u00fcr Bestellungen unter CHF 500.- (Warenwert) gehen die Versand- und Verpackungskosten zu Lasten des Kunden.<\/p>\n<p><a style=\"color: #ffffff;\">Die Versandkosten richten sich nach dem Gewicht. Pakete bis 30 kg: CHF 12.00.<br \/>\nAusnahme: F\u00fcr volumin\u00f6se Produkte (wie z.B. Tortilla Chips, Sombreros, etc.) richten sich die Transportkosten nach Volumen und Gewicht.<\/a><\/p>\n<p>[\/vc_column_text][\/vc_column_inner][\/vc_row_inner][\/vc_column][\/vc_row][vc_row type=&#8221;boxed&#8221; css=&#8221;.vc_custom_1530852151410{padding-top: 75px !important;padding-bottom: 50px !important;}&#8221;][vc_column][vc_column_text]<\/p>\n<h2>Lieferbedingungen<\/h2>\n<p>Die Ware wird per DHL oder Spedition versendet. Die Lieferung erfolgt gegen Unterschrift. Bitte geben Sie eine entsprechende Lieferadresse an, um die Ware in Empfang nehmen zu k\u00f6nnen. Lieferungen mit einem Gesamtgewicht ab ca. 120 kg \u00fcbergeben wir der Spedition. Wird eine andere Versandart gew\u00fcnscht, muss dies bei der Bestellung angegeben werden. S\u00e4mtliche dadurch entstehende Zusatzkosten gehen zu Lasten des Kunden. Wir informieren Sie gerne \u00fcber Versand-Extraleistungen (Samstagszustellung, Express, Camion etc.). Die von EL SOL AG angegebenen Laufzeiten bzw. Zustellzeiten sind ohne Gew\u00e4hr.[\/vc_column_text][\/vc_column][\/vc_row][vc_section full_width=&#8221;stretch_row&#8221; css=&#8221;.vc_custom_1530852243169{background-color: #f9f9f9 !important;}&#8221;][vc_row type=&#8221;boxed&#8221; css=&#8221;.vc_custom_1530852190468{padding-top: 75px !important;padding-bottom: 50px !important;background-color: #f9f9f9 !important;}&#8221;][vc_column][vc_column_text]<\/p>\n<h2>Tiefk\u00fchlprodukte<\/h2>\n<p>Tiefk\u00fchlprodukte an Privatpersonen werden generell mit DHL verschickt. Das Produkt kommt dadurch aufgetaut beim Kunden an und muss deshalb sofort konsumiert\/verarbeitet werden. Auf ausdr\u00fccklichen Wunsch k\u00f6nnen Tiefk\u00fchlprodukte an Privatkunden zu den nachfolgenden Preisen auch mit K\u00fchltransport geliefert werden: CHF 60.- bis zu 45 kg. F\u00fcr mehr als 45 kg verlangen Sie bitte eine Preisofferte.<br \/>\nDer Versand von Tiefk\u00fchlprodukten an Restaurants und Wiederverk\u00e4ufer erfolgt immer mit K\u00fchltransportern (gem\u00e4ss separater Preisliste).<br \/>\n[\/vc_column_text][\/vc_column][\/vc_row][\/vc_section][vc_section full_width=&#8221;stretch_row&#8221;][vc_row type=&#8221;boxed&#8221; css=&#8221;.vc_custom_1530852427467{padding-top: 75px !important;padding-bottom: 50px !important;}&#8221;][vc_column][vc_column_text]<\/p>\n<h2>Versand ins Ausland<\/h2>\n<p>Wir versenden nur innerhalb der Schweiz und Lichtenstein. Lieferungen ins Ausland sind nur mit einem vom Kunden beauftragen Speditionsunternehmen m\u00f6glich. Die Umrechnung in Euro richtet sich nach dem jeweiligen Tageskurs des Rechnungsdatums.[\/vc_column_text][\/vc_column][\/vc_row][\/vc_section][vc_section full_width=&#8221;stretch_row&#8221; css=&#8221;.vc_custom_1530852557425{background-color: #f9f9f9 !important;}&#8221;][vc_row type=&#8221;boxed&#8221; css=&#8221;.vc_custom_1530852427467{padding-top: 75px !important;padding-bottom: 50px !important;}&#8221;][vc_column][vc_column_text]<\/p>\n<h2>Eigentumsvorbehalt<\/h2>\n<p>Die Ware bleibt bis zur vollst\u00e4ndigen Bezahlung Eigentum von EL SOL AG. Kunden mit \u00fcberf\u00e4lligen Rechnungen werden erst nach deren Bezahlung oder allenfalls per Nachnahme beliefert.<br \/>\nDie Ware muss sofort nach dem Erhalt vom Kunden kontrolliert werden. Beanstandungen k\u00f6nnen uns nur innerhalb von 5 Tagen schriftlich gemeldet werden. Bei unsachgem\u00e4sser Behandlung durch den Kunden wird jegliche Haftung unsererseits abgelehnt. Es besteht kein Anspruch auf Schadenersatz f\u00fcr Versp\u00e4tung oder Ausbleiben der Lieferung.<br \/>\n[\/vc_column_text][\/vc_column][\/vc_row][\/vc_section][vc_section full_width=&#8221;stretch_row&#8221;][vc_row type=&#8221;boxed&#8221; css=&#8221;.vc_custom_1530852427467{padding-top: 75px !important;padding-bottom: 50px !important;}&#8221;][vc_column][vc_column_text]<\/p>\n<h2>Preise<\/h2>\n<p>S\u00e4mtliche auf der Webseite genannten Preise sind in Schweizer Franken (CHF) , inklusive MWST, und sind f\u00fcr den pers\u00f6nlichen Gebrauch des Bestellers bestimmt.<\/p>\n<h2>Grosshandel (Restaurants und Wiederverk\u00e4ufer)<\/h2>\n<p>Bitte verlangen Sie unsere Preislisten f\u00fcr Gastro- oder Wiederverk\u00e4ufer.<\/p>\n<h2>Abbildungen<\/h2>\n<p>S\u00e4mtliche Bilder auf der Webseite www.elsol.ch dienen als Beispiele zu Dokumentationszwecken und m\u00fcssen nicht genau mit dem tats\u00e4chlichen Produkt \u00fcbereinstimmen.<br \/>\n[\/vc_column_text][\/vc_column][\/vc_row][\/vc_section]<\/p>\n<\/div>","protected":false},"excerpt":{"rendered":"<p>[vc_row full_width=&#8221;stretch_row_content&#8221; full_height=&#8221;yes&#8221; columns_placement=&#8221;stretch&#8221; equal_height=&#8221;yes&#8221; content_placement=&#8221;middle&#8221; columns_height=&#8221;adjust_cols_height&#8221; font_color=&#8221;#ffffff&#8221; background_style=&#8221;normal&#8221; css=&#8221;.vc_custom_1566219807627{margin-top: 0px !important;padding-top: 0px !important;background-color: #dd3333 !important;}&#8221;][vc_column css=&#8221;.vc_custom_1485446031871{margin-bottom: 0px !important;padding-top: 170px !important;padding-right: 15% !important;padding-bottom: 140px !important;padding-left: 15% !important;}&#8221; offset=&#8221;vc_col-lg-6 vc_col-md-6&#8243;][vc_column_text] AGB [\/vc_column_text][vc_separator color=&#8221;custom&#8221; accent_color=&#8221;#ffffff&#8221; css=&#8221;.vc_custom_1566219957917{margin-top: 75px !important;margin-bottom: 75px !important;}&#8221;][vc_row_inner][vc_column_inner][vc_custom_heading text=&#8221;Allgemeine Gesch\u00e4ftsbedingungen Versand in der Schweiz und Liechtenstein&#8221; font_container=&#8221;tag:h3|text_align:left|color:%23ffffff&#8221; use_theme_fonts=&#8221;yes&#8221; css=&#8221;.vc_custom_1566219933931{margin-bottom: 0px !important;}&#8221; el_class=&#8221;cr-swinging-text&#8221;][vc_column_text] S\u00e4mtliche genannten Preise [&hellip;]<\/p>\n","protected":false},"author":788,"featured_media":0,"parent":0,"menu_order":0,"comment_status":"closed","ping_status":"closed","template":"page-full-width.php","meta":{"footnotes":""},"class_list":["post-3039","page","type-page","status-publish","hentry"],"_links":{"self":[{"href":"https:\/\/elsol.ch\/es\/wp-json\/wp\/v2\/pages\/3039","targetHints":{"allow":["GET"]}}],"collection":[{"href":"https:\/\/elsol.ch\/es\/wp-json\/wp\/v2\/pages"}],"about":[{"href":"https:\/\/elsol.ch\/es\/wp-json\/wp\/v2\/types\/page"}],"author":[{"embeddable":true,"href":"https:\/\/elsol.ch\/es\/wp-json\/wp\/v2\/users\/788"}],"replies":[{"embeddable":true,"href":"https:\/\/elsol.ch\/es\/wp-json\/wp\/v2\/comments?post=3039"}],"version-history":[{"count":37,"href":"https:\/\/elsol.ch\/es\/wp-json\/wp\/v2\/pages\/3039\/revisions"}],"predecessor-version":[{"id":6372,"href":"https:\/\/elsol.ch\/es\/wp-json\/wp\/v2\/pages\/3039\/revisions\/6372"}],"wp:attachment":[{"href":"https:\/\/elsol.ch\/es\/wp-json\/wp\/v2\/media?parent=3039"}],"curies":[{"name":"wp","href":"https:\/\/api.w.org\/{rel}","templated":true}]}}