{"id":3103,"date":"2018-07-06T09:24:59","date_gmt":"2018-07-06T09:24:59","guid":{"rendered":"https:\/\/elsol.ch\/?page_id=3103"},"modified":"2019-08-19T13:11:46","modified_gmt":"2019-08-19T13:11:46","slug":"versand","status":"publish","type":"page","link":"https:\/\/elsol.ch\/es\/versand\/","title":{"rendered":"Versand"},"content":{"rendered":"<div class=\"wpb-content-wrapper\"><p>[vc_row full_width=&#8221;stretch_row_content&#8221; full_height=&#8221;yes&#8221; columns_placement=&#8221;stretch&#8221; equal_height=&#8221;yes&#8221; content_placement=&#8221;middle&#8221; columns_height=&#8221;adjust_cols_height&#8221; font_color=&#8221;#ffffff&#8221; background_style=&#8221;normal&#8221; css=&#8221;.vc_custom_1566220296412{margin-top: 0px !important;padding-top: 0px !important;background-color: #dd3333 !important;}&#8221;][vc_column css=&#8221;.vc_custom_1563547564985{background-image: url(https:\/\/elsol.ch\/wp-content\/uploads\/2019\/06\/ricardo-gomez.jpg?id=4059) !important;background-position: center !important;background-repeat: no-repeat !important;background-size: cover !important;}&#8221; offset=&#8221;vc_col-lg-6 vc_col-md-6&#8243;][vc_empty_space height=&#8221;350px&#8221;][\/vc_column][vc_column css=&#8221;.vc_custom_1485446031871{margin-bottom: 0px !important;padding-top: 170px !important;padding-right: 15% !important;padding-bottom: 140px !important;padding-left: 15% !important;}&#8221; offset=&#8221;vc_col-lg-6 vc_col-md-6&#8243;][vc_column_text]<\/p>\n<h1 class=\"page-title on-shop\"><span style=\"color: #ffffff;\">Despacho<\/span><\/h1>\n<p>[\/vc_column_text][vc_separator color=&#8221;custom&#8221; accent_color=&#8221;#ffffff&#8221; css=&#8221;.vc_custom_1566220303494{margin-top: 75px !important;margin-bottom: 75px !important;}&#8221;][vc_row_inner][vc_column_inner][vc_column_text]<\/p>\n<p style=\"color: #ffffff;\">El env\u00edo tiene lugar en Suiza y a Lichtenstein con DHL.<\/p>\n<p style=\"color: #ffffff;\">Los gastos de env\u00edo dependen generalmente del peso &#8211; un paquete de hasta 30 kg cuesta CHF 12.00. Para env\u00edos con un peso total de m\u00e1s de 30 kg, se enviar\u00e1 otro paquete de CHF 12.00 por cada 30 kg adicionales abiertos.<\/p>\n<p style=\"color: #ffffff;\">Esto no se aplica a los productos voluminosos como chips o sombreros, cuyos gastos de env\u00edo dependen del volumen y el peso.<\/p>\n<p style=\"color: #ffffff;\">Lamentablemente, no es posible realizar un env\u00edo al resto del mundo.<\/p>\n<p>[\/vc_column_text][\/vc_column_inner][\/vc_row_inner][\/vc_column][\/vc_row]<\/p>\n<\/div>","protected":false},"excerpt":{"rendered":"<p>[vc_row full_width=&#8221;stretch_row_content&#8221; full_height=&#8221;yes&#8221; columns_placement=&#8221;stretch&#8221; equal_height=&#8221;yes&#8221; content_placement=&#8221;middle&#8221; columns_height=&#8221;adjust_cols_height&#8221; font_color=&#8221;#ffffff&#8221; background_style=&#8221;normal&#8221; css=&#8221;.vc_custom_1566220296412{margin-top: 0px !important;padding-top: 0px !important;background-color: #dd3333 !important;}&#8221;][vc_column css=&#8221;.vc_custom_1563547564985{background-image: url(https:\/\/elsol.ch\/wp-content\/uploads\/2019\/06\/ricardo-gomez.jpg?id=4059) !important;background-position: center !important;background-repeat: no-repeat !important;background-size: cover !important;}&#8221; offset=&#8221;vc_col-lg-6 vc_col-md-6&#8243;][vc_empty_space height=&#8221;350px&#8221;][\/vc_column][vc_column css=&#8221;.vc_custom_1485446031871{margin-bottom: 0px !important;padding-top: 170px !important;padding-right: 15% !important;padding-bottom: 140px !important;padding-left: 15% !important;}&#8221; offset=&#8221;vc_col-lg-6 vc_col-md-6&#8243;][vc_column_text] Despacho [\/vc_column_text][vc_separator color=&#8221;custom&#8221; accent_color=&#8221;#ffffff&#8221; css=&#8221;.vc_custom_1566220303494{margin-top: 75px !important;margin-bottom: 75px !important;}&#8221;][vc_row_inner][vc_column_inner][vc_column_text] El env\u00edo tiene lugar en [&hellip;]<\/p>\n","protected":false},"author":788,"featured_media":0,"parent":0,"menu_order":0,"comment_status":"closed","ping_status":"closed","template":"page-full-width.php","meta":{"footnotes":""},"class_list":["post-3103","page","type-page","status-publish","hentry"],"_links":{"self":[{"href":"https:\/\/elsol.ch\/es\/wp-json\/wp\/v2\/pages\/3103","targetHints":{"allow":["GET"]}}],"collection":[{"href":"https:\/\/elsol.ch\/es\/wp-json\/wp\/v2\/pages"}],"about":[{"href":"https:\/\/elsol.ch\/es\/wp-json\/wp\/v2\/types\/page"}],"author":[{"embeddable":true,"href":"https:\/\/elsol.ch\/es\/wp-json\/wp\/v2\/users\/788"}],"replies":[{"embeddable":true,"href":"https:\/\/elsol.ch\/es\/wp-json\/wp\/v2\/comments?post=3103"}],"version-history":[{"count":15,"href":"https:\/\/elsol.ch\/es\/wp-json\/wp\/v2\/pages\/3103\/revisions"}],"predecessor-version":[{"id":6376,"href":"https:\/\/elsol.ch\/es\/wp-json\/wp\/v2\/pages\/3103\/revisions\/6376"}],"wp:attachment":[{"href":"https:\/\/elsol.ch\/es\/wp-json\/wp\/v2\/media?parent=3103"}],"curies":[{"name":"wp","href":"https:\/\/api.w.org\/{rel}","templated":true}]}}