{"id":3108,"date":"2018-07-06T10:06:34","date_gmt":"2018-07-06T10:06:34","guid":{"rendered":"https:\/\/elsol.ch\/?page_id=3108"},"modified":"2019-08-21T08:36:43","modified_gmt":"2019-08-21T08:36:43","slug":"disclaimer","status":"publish","type":"page","link":"https:\/\/elsol.ch\/es\/disclaimer\/","title":{"rendered":"Disclaimer"},"content":{"rendered":"<div class=\"wpb-content-wrapper\"><p>[vc_row full_width=&#8221;stretch_row_content&#8221; full_height=&#8221;yes&#8221; columns_placement=&#8221;stretch&#8221; equal_height=&#8221;yes&#8221; content_placement=&#8221;middle&#8221; columns_height=&#8221;adjust_cols_height&#8221; font_color=&#8221;#ffffff&#8221; background_style=&#8221;normal&#8221; css=&#8221;.vc_custom_1530793345070{margin-top: 0px !important;padding-top: 0px !important;background-color: #19233e !important;}&#8221;][vc_column css=&#8221;.vc_custom_1530792773421{background-image: url(https:\/\/elsol.ch\/wp-content\/uploads\/2018\/07\/impressum.jpg?id=3017) !important;background-position: center !important;background-repeat: no-repeat !important;background-size: cover !important;}&#8221; offset=&#8221;vc_col-lg-6 vc_col-md-6&#8243;][vc_empty_space height=&#8221;350px&#8221;][\/vc_column][vc_column css=&#8221;.vc_custom_1485446031871{margin-bottom: 0px !important;padding-top: 170px !important;padding-right: 15% !important;padding-bottom: 140px !important;padding-left: 15% !important;}&#8221; offset=&#8221;vc_col-lg-6 vc_col-md-6&#8243;][vc_column_text]<\/p>\n<h1 class=\"page-title on-shop\"><span style=\"color: #ffffff;\">Disclaimer<\/span><\/h1>\n<p>[\/vc_column_text][vc_separator color=&#8221;custom&#8221; accent_color=&#8221;#2c3653&#8243; css=&#8221;.vc_custom_1485445957596{margin-top: 75px !important;margin-bottom: 75px !important;}&#8221;][vc_row_inner][vc_column_inner][vc_column_text]<\/p>\n<p style=\"color: #ffffff;\">Von SwissAnwalt wird keine Haftung f\u00fcr Richtigkeit, Vollst\u00e4ndigkeit, Aktualit\u00e4t oder Wirksamkeit der von der Muster Datenschutzerkl\u00e4rung erzeugten Ergebnisse \u00fcbernommen.<\/p>\n<p style=\"color: #ffffff;\">Die Verwendung erfolgt ausdr\u00fccklich auf eigene Gefahr. Die Muster-Datenschutzerkl\u00e4rung kann eine individuelle anwaltliche Beratung im Einzelfall nicht ersetzen.<\/p>\n<p>[\/vc_column_text][\/vc_column_inner][\/vc_row_inner][\/vc_column][\/vc_row][vc_row type=&#8221;boxed&#8221; css=&#8221;.vc_custom_1530852151410{padding-top: 75px !important;padding-bottom: 50px !important;}&#8221;][vc_column][vc_column_text]<\/p>\n<h2>Datenschutzerkl\u00e4rung<\/h2>\n<p>Verantwortliche Stelle im Sinne der Datenschutzgesetze, insbesondere der EU-Datenschutzgrundverordnung (DSGVO), ist:<\/p>\n<p>R\u00e4to Schluep<br \/>\nLachenstrasse 10<br \/>\n4123 Allschwil<br \/>\nTelefon: 061 331 93 12<br \/>\nE-Mail: info@elsol.com<br \/>\nWebSite: https:\/\/elsol.ch\/[\/vc_column_text][\/vc_column][\/vc_row][vc_section full_width=&#8221;stretch_row&#8221; css=&#8221;.vc_custom_1530852243169{background-color: #f9f9f9 !important;}&#8221;][vc_row type=&#8221;boxed&#8221; css=&#8221;.vc_custom_1530852190468{padding-top: 75px !important;padding-bottom: 50px !important;background-color: #f9f9f9 !important;}&#8221;][vc_column][vc_column_text]<\/p>\n<h2>Allgemeine Datenschutzerkl\u00e4rung<\/h2>\n<p>Durch die Nutzung dieser WebSite erkl\u00e4ren Sie sich mit der Erhebung, Verarbeitung und Nutzung von Daten gem\u00e4ss der nachfolgenden Beschreibung einverstanden. Diese WebSite kann grunds\u00e4tzlich ohne Registrierung besucht werden. Dabei werden Daten wie beispielsweise aufgerufene Seiten bzw. Namen der abgerufenen Datei, Datum und Uhrzeit zu statistischen Zwecken auf dem Server gespeichert, ohne dass diese Daten unmittelbar auf Ihre Person bezogen werden. Personenbezogene Daten, insbesondere Name, Adresse oder E-Mail-Adresse werden soweit m\u00f6glich auf freiwilliger Basis erhoben. Ohne Ihre Einwilligung erfolgt keine Weitergabe der Daten an Dritte.<br \/>\n[\/vc_column_text][\/vc_column][\/vc_row][\/vc_section][vc_row type=&#8221;boxed&#8221; css=&#8221;.vc_custom_1530871987530{padding-top: 75px !important;padding-bottom: 75px !important;}&#8221;][vc_column][vc_column_text]<\/p>\n<h2>Bearbeitung von Personendaten<\/h2>\n<p>Personendaten sind alle Angaben, die sich auf eine bestimmte oder bestimmbare Person beziehen. Eine betroffene Person ist eine Person, \u00fcber die Personendaten bearbeitet werden. Bearbeiten umfasst jeden Umgang mit Personendaten, unabh\u00e4ngig von den angewandten Mitteln und Verfahren, insbesondere das Aufbewahren, Bekanntgeben, Beschaffen, L\u00f6schen, Speichern, Ver\u00e4ndern, Vernichten und Verwenden von Personendaten.<\/p>\n<p>Wir bearbeiten Personendaten im Einklang mit dem schweizerischen Datenschutzrecht. Im \u00dcbrigen bearbeiten wir \u2013 soweit und sofern die EU-DSGVO anwendbar ist \u2013 Personendaten gem\u00e4ss folgenden Rechtsgrundlagen im Zusammenhang mit Art. 6 Abs. 1 DSGVO:<\/p>\n<ul>\n<li>a) Bearbeitung von Personendaten mit Einwilligung der betroffenen Person.<\/li>\n<li>b) Bearbeitung von Personendaten zur Erf\u00fcllung eines Vertrages mit der betroffenen Person sowie zur Durchf\u00fchrung entsprechender vorvertraglicher Massnahmen.<\/li>\n<li>c) Bearbeitung von Personendaten zur Erf\u00fcllung einer rechtlichen Verpflichtung, der wir gem\u00e4ss allenfalls anwendbarem Recht der EU oder gem\u00e4ss allenfalls anwendbarem Recht eines Landes, in dem die DSGVO ganz oder teilweise anwendbar ist, unterliegen.<\/li>\n<li>d) Bearbeitung von Personendaten um lebenswichtige Interessen der betroffenen Person oder einer anderen nat\u00fcrlichen Person zu sch\u00fctzen.<\/li>\n<li>f) Bearbeitung von Personendaten um die berechtigten Interessen von uns oder von Dritten zu wahren, sofern nicht die Grundfreiheiten und Grundrechte sowie Interessen der betroffenen Person \u00fcberwiegen. Berechtigte Interessen sind insbesondere unser betriebswirtschaftliches Interesse, unsere Website bereitstellen zu k\u00f6nnen, die Informationssicherheit, die Durchsetzung von eigenen rechtlichen Anspr\u00fcchen und die Einhaltung von schweizerischem Recht.<\/li>\n<\/ul>\n<p>Wir bearbeiten Personendaten f\u00fcr jene Dauer, die f\u00fcr den jeweiligen Zweck oder die jeweiligen Zwecke erforderlich ist. Bei l\u00e4nger dauernden Aufbewahrungspflichten aufgrund von gesetzlichen und sonstigen Pflichten, denen wir unterliegen, schr\u00e4nken wir die Bearbeitung entsprechend ein.[\/vc_column_text][\/vc_column][\/vc_row][vc_section css=&#8221;.vc_custom_1530872053657{padding-top: 75px !important;padding-bottom: 75px !important;background-color: #f9f9f9 !important;}&#8221;][vc_row type=&#8221;boxed&#8221;][vc_column][vc_column_text]<\/p>\n<h2>Datenschutzerkl\u00e4rung f\u00fcr Cookies<\/h2>\n<p>Diese WebSite verwendet Cookies. Das sind kleine Textdateien, die es m\u00f6glich machen, auf dem Endger\u00e4t des Nutzers spezifische, auf den Nutzer bezogene Informationen zu speichern, w\u00e4hrend er die Website nutzt. Cookies erm\u00f6glichen es, insbesondere Nutzungsh\u00e4ufigkeit und Nutzeranzahl der Seiten zu ermitteln, Verhaltensweisen der Seitennutzung zu analysieren, aber auch unser Angebot kundenfreundlicher zu gestalten. Cookies bleiben \u00fcber das Ende einer Browser-Sitzung gespeichert und k\u00f6nnen bei einem erneuten Seitenbesuch wieder aufgerufen werden. Wenn Sie das nicht w\u00fcnschen, sollten Sie Ihren Internetbrowser so einstellen, dass er die Annahme von Cookies verweigert.[\/vc_column_text][\/vc_column][\/vc_row][\/vc_section][vc_row type=&#8221;boxed&#8221; css=&#8221;.vc_custom_1530872153553{padding-top: 75px !important;padding-bottom: 75px !important;}&#8221;][vc_column][vc_column_text]<\/p>\n<h2>Datenschutzerkl\u00e4rung f\u00fcr SSL-Verschl\u00fcsselung<\/h2>\n<p>Diese WebSite nutzt aus Gr\u00fcnden der Sicherheit und zum Schutz der \u00dcbertragung vertraulicher Inhalte, wie zum Beispiel der Anfragen, die Sie an uns als Seitenbetreiber senden, eine SSL-Verschl\u00fcsselung. Eine verschl\u00fcsselte Verbindung erkennen Sie daran, dass die Adresszeile des Browsers von &#8220;http:\/\/&#8221; auf &#8220;https:\/\/&#8221; wechselt und an dem Schloss-Symbol in Ihrer Browserzeile.<\/p>\n<p>Wenn die SSL Verschl\u00fcsselung aktiviert ist, k\u00f6nnen die Daten, die Sie an uns \u00fcbermitteln, nicht von Dritten mitgelesen werden.[\/vc_column_text][\/vc_column][\/vc_row][vc_section css=&#8221;.vc_custom_1530872214685{padding-top: 75px !important;padding-bottom: 75px !important;background-color: #f9f9f9 !important;}&#8221;][vc_row type=&#8221;boxed&#8221;][vc_column][vc_column_text]<\/p>\n<h2>Datenschutzerkl\u00e4rung f\u00fcr Server-Log-Files<\/h2>\n<p>Der Provider dieser WebSite erhebt und speichert automatisch Informationen in so genannten Server-Log Files, die Ihr Browser automatisch an uns \u00fcbermittelt. Dies sind:<\/p>\n<ul>\n<li>Browsertyp und Browserversion<\/li>\n<li>verwendetes Betriebssystem<\/li>\n<li>Referrer URL<\/li>\n<li>Hostname des zugreifenden Rechners<\/li>\n<li>Uhrzeit der Serveranfrage<\/li>\n<\/ul>\n<p>Diese Daten sind nicht bestimmten Personen zuordenbar. Eine Zusammenf\u00fchrung dieser Daten mit anderen Datenquellen wird nicht vorgenommen. Wir behalten uns vor, diese Daten nachtr\u00e4glich zupr\u00fcfen, wenn uns konkrete Anhaltspunkte f\u00fcr eine rechtswidrige Nutzung bekannt werden.[\/vc_column_text][\/vc_column][\/vc_row][\/vc_section][vc_row type=&#8221;boxed&#8221; css=&#8221;.vc_custom_1530875259476{padding-top: 75px !important;padding-bottom: 75px !important;}&#8221;][vc_column][vc_column_text]<\/p>\n<h2>Dienste von Dritten<\/h2>\n<p>Diese WebSite verwenden allenfalls Google Maps f\u00fcr das Einbetten von Karten, Google Invisible reCAPTCHA f\u00fcr den Schutz gegen Bots und Spam sowie YouTube f\u00fcr das Einbetten von Videos.<\/p>\n<p>Diese Dienste der amerikanischen Google LLC verwenden unter anderem Cookies und infolgedessen werden Daten an Google in den USA \u00fcbertragen, wobei wir davon ausgehen, dass in diesem Rahmen kein personenbezogenes Tracking allein durch die Nutzung unserer Website stattfindet.<\/p>\n<p>Google hat sich verpflichtet, einen angemessenen Datenschutz gem\u00e4ss dem amerikanisch-europ\u00e4ischen und dem amerikanisch-schweizerischen Privacy Shield zu gew\u00e4hrleisten.<\/p>\n<p>Weitere Informationen finden sich in der\u00a0<a href=\"https:\/\/policies.google.com\/privacy?hl=de\">Datenschutzerkl\u00e4rung von Google<\/a>.[\/vc_column_text][\/vc_column][\/vc_row][vc_section css=&#8221;.vc_custom_1530875320754{padding-top: 75px !important;padding-bottom: 75px !important;background-color: #f9f9f9 !important;}&#8221;][vc_row type=&#8221;boxed&#8221;][vc_column][vc_column_text]<\/p>\n<h2>Datenschutzerkl\u00e4rung f\u00fcr Kontaktformular<\/h2>\n<p>Wenn Sie uns per Kontaktformular Anfragen zukommen lassen, werden Ihre Angaben aus dem Anfrageformular inklusive der von Ihnen dort angegebenen Kontaktdaten zwecks Bearbeitung der Anfrage und f\u00fcr den Fall von Anschlussfragen bei uns gespeichert. Diese Daten geben wir nicht ohne Ihre Einwilligung weiter.[\/vc_column_text][\/vc_column][\/vc_row][\/vc_section][vc_row type=&#8221;boxed&#8221; css=&#8221;.vc_custom_1530875425747{padding-top: 75px !important;padding-bottom: 75px !important;}&#8221;][vc_column][vc_column_text]<\/p>\n<h2>Datenschutzerkl\u00e4rung f\u00fcr Recht auf Auskunft, L\u00f6schung, Sperrung<\/h2>\n<p>Sie haben jederzeit das Recht auf unentgeltliche Auskunft \u00fcber Ihre gespeicherten personenbezogenen Daten, deren Herkunft und Empf\u00e4nger und den Zweck der Datenverarbeitung sowie ein Recht auf Berichtigung, Sperrung oder L\u00f6schung dieser Daten. Hierzu sowie zu weiteren Fragen zum Thema personenbezogene Daten k\u00f6nnen Sie sich jederzeit unter der im Impressum angegebenen Adresse an uns wenden.[\/vc_column_text][\/vc_column][\/vc_row][vc_section css=&#8221;.vc_custom_1530875472811{padding-top: 75px !important;padding-bottom: 75px !important;background-color: #f9f9f9 !important;}&#8221;][vc_row type=&#8221;boxed&#8221;][vc_column][vc_column_text]<\/p>\n<h2>Datenschutzerkl\u00e4rung f\u00fcr Widerspruch Werbe-Mails<\/h2>\n<p>Der Nutzung von im Rahmen der Impressumspflicht ver\u00f6ffentlichten Kontaktdaten zur \u00dcbersendung von nicht ausdr\u00fccklich angeforderter Werbung und Informationsmaterialien wird hiermit widersprochen. Die Betreiber der Seiten behalten sich ausdr\u00fccklich rechtliche Schritte im Falle der unverlangten Zusendung von Werbeinformationen, etwa durch Spam-E-Mails, vor.[\/vc_column_text][\/vc_column][\/vc_row][\/vc_section][vc_row type=&#8221;boxed&#8221; css=&#8221;.vc_custom_1530877290518{padding-top: 75px !important;padding-bottom: 75px !important;}&#8221;][vc_column][vc_column_text]<\/p>\n<h2>Google AdWords<\/h2>\n<p>Diese WebSite nutzt das Google Conversion-Tracking. Sind Sie \u00fcber eine von Google geschaltete Anzeige auf unsere WebSite gelangt, wird von Google Adwords ein Cookie auf Ihrem Rechner gesetzt. Das Cookie f\u00fcr Conversion-Tracking wird gesetzt, wenn ein Nutzer auf eine von Google geschaltete Anzeige klickt. Diese Cookies verlieren nach 30 Tagen ihre G\u00fcltigkeit und dienen nicht der pers\u00f6nlichen Identifizierung. Besucht der Nutzer bestimmte Seiten unserer Website und das Cookie ist noch nicht abgelaufen, k\u00f6nnen wir und Google erkennen, dass der Nutzer auf die Anzeige geklickt hat und zu dieser Seite weitergeleitet wurde. Jeder Google AdWords-Kunde erh\u00e4lt ein anderes Cookie. Cookies k\u00f6nnen somit nicht \u00fcber die Websites von AdWords-Kunden nachverfolgt werden. Die mithilfe des Conversion-Cookies eingeholten Informationen dienen dazu, Conversion-Statistiken f\u00fcr AdWords-Kunden zu erstellen, die sich f\u00fcr Conversion-Tracking entschieden haben. Die Kunden erfahren die Gesamtanzahl der Nutzer, die auf ihre Anzeige geklickt haben und zu einer mit einem Conversion-Tracking-Tag versehenen Seite weitergeleitet wurden. Sie erhalten jedoch keine Informationen, mit denen sich Nutzer pers\u00f6nlich identifizieren lassen.<\/p>\n<p>M\u00f6chten Sie nicht am Tracking teilnehmen, k\u00f6nnen Sie das hierf\u00fcr erforderliche Setzen eines Cookies ablehnen \u2013 etwa per Browser-Einstellung, die das automatische Setzen von Cookies generell deaktiviert oder Ihren Browser so einstellen, dass Cookies von der Domain \u201egoogleleadservices.com\u201c blockiert werden.<\/p>\n<p>Bitte beachten Sie, dass Sie die Opt-out-Cookies nicht l\u00f6schen d\u00fcrfen, solange Sie keine Aufzeichnung von Messdaten w\u00fcnschen. Haben Sie alle Ihre Cookies im Browser gel\u00f6scht, m\u00fcssen Sie das jeweilige Opt-out Cookie erneut setzen.[\/vc_column_text][\/vc_column][\/vc_row][vc_section css=&#8221;.vc_custom_1530877335214{padding-top: 75px !important;padding-bottom: 75px !important;background-color: #f9f9f9 !important;}&#8221;][vc_row type=&#8221;boxed&#8221;][vc_column][vc_column_text]<\/p>\n<h2>Datenschutzerkl\u00e4rung f\u00fcr Google Analytics<\/h2>\n<p>Diese WebSite verwendet Google Analytics, einen Webanalysedienst von Google Inc., 1600 Amphitheatre Parkway, Mountain View, CA 94043, USA. Zur Deaktivierung von Google Analytiscs stellt Google unter\u00a0<a href=\"https:\/\/tools.google.com\/dlpage\/gaoptout?hl=de\">https:\/\/tools.google.com\/dlpage\/gaoptout?hl=de<\/a>\u00a0ein Browser-Plug-In zur Verf\u00fcgung. Google Analytics verwendet Cookies. Das sind kleine Textdateien, die es m\u00f6glich machen, auf dem Endger\u00e4t des Nutzers spezifische, auf den Nutzer bezogene Informationen zu speichern. Diese erm\u00f6glichen eine Analyse der Nutzung unseres Websiteangebotes durch Google. Die durch den Cookie erfassten Informationen \u00fcber die Nutzung unserer Seiten (einschliesslich Ihrer IP-Adresse) werden in der Regel an einen Server von Google in den USA \u00fcbertragen und dort gespeichert. Wir weisen darauf hin, dass auf dieser Website Google Analytics um den Code \u201egat._anonymizeIp();\u201c erweitert wurde, um eine anonymisierte Erfassung von IP-Adressen (sog. IP-Masking) zu gew\u00e4hrleisten. Ist die Anonymisierung aktiv, k\u00fcrzt Google IP-Adressen innerhalb von Mitgliedstaaten der Europ\u00e4ischen Union oder in anderen Vertragsstaaten des Abkommens \u00fcber den Europ\u00e4ischen Wirtschaftsraum, weswegen keine R\u00fcckschl\u00fcsse auf Ihre Identit\u00e4t m\u00f6glich sind. Nur in Ausnahmef\u00e4llen wird die volle IP-Adresse an einen Server von Google in den USA \u00fcbertragen und dort gek\u00fcrzt. Google beachtet die Datenschutzbestimmungen des \u201ePrivacy Shield\u201c-Abkommens und ist beim \u201ePrivacy Shield\u201c-Programm des US-Handelsministeriums registriert und nutzt die gesammelten Informationen, um die Nutzung unserer Websites auszuwerten, Berichte f\u00fcr uns diesbez\u00fcglich zu verfassen und andere diesbez\u00fcgliche Dienstleistungen an uns zu erbringen. Mehr erfahren Sie unter\u00a0<a href=\"https:\/\/www.google.com\/intl\/de\/analytics\/privacyoverview.html\">https:\/\/www.google.com\/intl\/de\/analytics\/privacyoverview.html<\/a>.[\/vc_column_text][\/vc_column][\/vc_row][\/vc_section][vc_row type=&#8221;boxed&#8221; css=&#8221;.vc_custom_1530877461580{padding-top: 75px !important;padding-bottom: 75px !important;}&#8221;][vc_column][vc_column_text]<\/p>\n<h2>Datenschutzerkl\u00e4rung f\u00fcr Facebook<\/h2>\n<p>Diese WebSite verwendet Funktionen von Facebook Inc., 1601 S. California Ave, Palo Alto, CA 94304, USA . Bei Aufruf unserer Seiten mit Facebook-Plug-Ins wird eine Verbindung zwischen Ihrem Browser und den Servern von Facebook aufgebaut. Dabei werden bereits Daten an Facebook \u00fcbertragen. Besitzen Sie einen Facebook-Account, k\u00f6nnen diese Daten damit verkn\u00fcpft werden. Wenn Sie keine Zuordnung dieser Daten zu Ihrem Facebook-Account w\u00fcnschen, loggen Sie sich bitte vor dem Besuch unserer Seite bei Facebook aus. Interaktionen, insbesondere das Nutzen einer Kommentarfunktion oder das Anklicken eines \u201eLike\u201c- oder \u201eTeilen\u201c-Buttons werden ebenfalls an Facebook weitergegeben. Mehr erfahren Sie unter\u00a0<a href=\"https:\/\/de-de.facebook.com\/about\/privacy\">https:\/\/de-de.facebook.com\/about\/privacy<\/a>.[\/vc_column_text][\/vc_column][\/vc_row][vc_section css=&#8221;.vc_custom_1530877543758{padding-top: 75px !important;padding-bottom: 75px !important;background-color: #f9f9f9 !important;}&#8221;][vc_row type=&#8221;boxed&#8221;][vc_column][vc_column_text]<\/p>\n<h2>Datenschutzerkl\u00e4rung f\u00fcr Pinterest<\/h2>\n<p>Auf dieser WebSite verwenden wir Social Plugins des sozialen Netzwerkes Pinterest, das von der Pinterest Inc., 808 Brannan Street San Francisco, CA 94103-490, USA (&#8220;Pinterest&#8221;) betrieben wird. Wenn Sie eine Seite aufrufen, die ein solches Plugin enth\u00e4lt, stellt Ihr Browser eine direkte Verbindung zu den Servern von Pinterest her. Das Plugin \u00fcbermittelt dabei Protokolldaten an den Server von Pinterest in die USA. Diese Protokolldaten enthalten m\u00f6glicherweise Ihre IP-Adresse, die Adresse der besuchten Websites, die ebenfalls Pinterest- Funktionen enthalten, Art und Einstellungen des Browsers, Datum und Zeitpunkt der Anfrage, Ihre Verwendungsweise von Pinterest sowie Cookies.<\/p>\n<p>Weitere Informationen zu Zweck, Umfang und weiterer Verarbeitung und Nutzung der Daten durch Pinterest sowie Ihre diesbez\u00fcglichen Rechte und M\u00f6glichkeiten zum Schutz Ihrer Privatsph\u00e4re finden Sie in den den Datenschutzhinweisen von Pinterest:\u00a0<a href=\"https:\/\/about.pinterest.com\/de\/privacy-policy\">https:\/\/about.pinterest.com\/de\/privacy-policy<\/a>[\/vc_column_text][\/vc_column][\/vc_row][\/vc_section][vc_row type=&#8221;boxed&#8221; css=&#8221;.vc_custom_1530877670819{padding-top: 75px !important;padding-bottom: 75px !important;}&#8221;][vc_column][vc_column_text]<\/p>\n<h2>\u00c4nderungen<\/h2>\n<p>Wir k\u00f6nnen diese Datenschutzerkl\u00e4rung jederzeit ohne Vorank\u00fcndigung anpassen. Es gilt die jeweils aktuelle, auf unserer Website publizierte Fassung. Soweit die Datenschutzerkl\u00e4rung Teil einer Vereinbarung mit Ihnen ist, werden wir Sie im Falle einer Aktualisierung \u00fcber die \u00c4nderung per E-Mail oder auf andere geeignete Weise informieren.<\/p>\n<p>&nbsp;<\/p>\n<p>Quelle:\u00a0<a href=\"https:\/\/www.swissanwalt.ch\/default.aspx\">Datenschutz-Generator von SwissAnwalt<\/a>[\/vc_column_text][\/vc_column][\/vc_row]<\/p>\n<\/div>","protected":false},"excerpt":{"rendered":"<p>[vc_row full_width=&#8221;stretch_row_content&#8221; full_height=&#8221;yes&#8221; columns_placement=&#8221;stretch&#8221; equal_height=&#8221;yes&#8221; content_placement=&#8221;middle&#8221; columns_height=&#8221;adjust_cols_height&#8221; font_color=&#8221;#ffffff&#8221; background_style=&#8221;normal&#8221; css=&#8221;.vc_custom_1530793345070{margin-top: 0px !important;padding-top: 0px !important;background-color: #19233e !important;}&#8221;][vc_column css=&#8221;.vc_custom_1530792773421{background-image: url(https:\/\/elsol.ch\/wp-content\/uploads\/2018\/07\/impressum.jpg?id=3017) !important;background-position: center !important;background-repeat: no-repeat !important;background-size: cover !important;}&#8221; offset=&#8221;vc_col-lg-6 vc_col-md-6&#8243;][vc_empty_space height=&#8221;350px&#8221;][\/vc_column][vc_column css=&#8221;.vc_custom_1485446031871{margin-bottom: 0px !important;padding-top: 170px !important;padding-right: 15% !important;padding-bottom: 140px !important;padding-left: 15% !important;}&#8221; offset=&#8221;vc_col-lg-6 vc_col-md-6&#8243;][vc_column_text] Disclaimer [\/vc_column_text][vc_separator color=&#8221;custom&#8221; accent_color=&#8221;#2c3653&#8243; css=&#8221;.vc_custom_1485445957596{margin-top: 75px !important;margin-bottom: 75px !important;}&#8221;][vc_row_inner][vc_column_inner][vc_column_text] Von SwissAnwalt wird keine Haftung [&hellip;]<\/p>\n","protected":false},"author":788,"featured_media":0,"parent":0,"menu_order":0,"comment_status":"closed","ping_status":"closed","template":"page-full-width.php","meta":{"footnotes":""},"class_list":["post-3108","page","type-page","status-publish","hentry"],"_links":{"self":[{"href":"https:\/\/elsol.ch\/es\/wp-json\/wp\/v2\/pages\/3108","targetHints":{"allow":["GET"]}}],"collection":[{"href":"https:\/\/elsol.ch\/es\/wp-json\/wp\/v2\/pages"}],"about":[{"href":"https:\/\/elsol.ch\/es\/wp-json\/wp\/v2\/types\/page"}],"author":[{"embeddable":true,"href":"https:\/\/elsol.ch\/es\/wp-json\/wp\/v2\/users\/788"}],"replies":[{"embeddable":true,"href":"https:\/\/elsol.ch\/es\/wp-json\/wp\/v2\/comments?post=3108"}],"version-history":[{"count":24,"href":"https:\/\/elsol.ch\/es\/wp-json\/wp\/v2\/pages\/3108\/revisions"}],"predecessor-version":[{"id":6402,"href":"https:\/\/elsol.ch\/es\/wp-json\/wp\/v2\/pages\/3108\/revisions\/6402"}],"wp:attachment":[{"href":"https:\/\/elsol.ch\/es\/wp-json\/wp\/v2\/media?parent=3108"}],"curies":[{"name":"wp","href":"https:\/\/api.w.org\/{rel}","templated":true}]}}