{"id":12036,"date":"2026-04-23T11:53:58","date_gmt":"2026-04-23T09:53:58","guid":{"rendered":"https:\/\/elsol.ch\/product\/achiote-anato-paste-lol-tun\/"},"modified":"2026-04-24T12:40:02","modified_gmt":"2026-04-24T10:40:02","slug":"achiote-anato-paste-lol-tun","status":"publish","type":"product","link":"https:\/\/elsol.ch\/es\/shop\/lebensmittel\/gewuerze-kraeuter\/achiote-anato-paste-lol-tun\/","title":{"rendered":"Achiote, Anato-Paste, Lol-Tun"},"content":{"rendered":"<p>Diese vielseitige Paste aus gemahlenen Achiotesamen, Gew\u00fcrzen und Essig sorgt f\u00fcr eine leuchtend rote Farbe und einen mild-w\u00fcrzigen Geschmack.<\/p>\n","protected":false},"excerpt":{"rendered":"<p>Diese vielseitige Paste aus gemahlenen Achiotesamen, Gew\u00fcrzen und Essig sorgt f\u00fcr eine leuchtend rote Farbe und einen mild-w\u00fcrzigen Geschmack.<\/p>\n","protected":false},"featured_media":12539,"template":"","meta":[],"product_brand":[],"product_cat":[218,217],"product_tag":[],"class_list":{"0":"post-12036","1":"product","2":"type-product","3":"status-publish","4":"has-post-thumbnail","6":"product_cat-gewuerze-kraeuter","7":"product_cat-lebensmittel","9":"first","10":"instock","11":"purchasable","12":"product-type-simple"},"_links":{"self":[{"href":"https:\/\/elsol.ch\/es\/wp-json\/wp\/v2\/product\/12036","targetHints":{"allow":["GET"]}}],"collection":[{"href":"https:\/\/elsol.ch\/es\/wp-json\/wp\/v2\/product"}],"about":[{"href":"https:\/\/elsol.ch\/es\/wp-json\/wp\/v2\/types\/product"}],"wp:featuredmedia":[{"embeddable":true,"href":"https:\/\/elsol.ch\/es\/wp-json\/wp\/v2\/media\/12539"}],"wp:attachment":[{"href":"https:\/\/elsol.ch\/es\/wp-json\/wp\/v2\/media?parent=12036"}],"wp:term":[{"taxonomy":"product_brand","embeddable":true,"href":"https:\/\/elsol.ch\/es\/wp-json\/wp\/v2\/product_brand?post=12036"},{"taxonomy":"product_cat","embeddable":true,"href":"https:\/\/elsol.ch\/es\/wp-json\/wp\/v2\/product_cat?post=12036"},{"taxonomy":"product_tag","embeddable":true,"href":"https:\/\/elsol.ch\/es\/wp-json\/wp\/v2\/product_tag?post=12036"}],"curies":[{"name":"wp","href":"https:\/\/api.w.org\/{rel}","templated":true}]}}