{"id":12802,"date":"2026-03-05T11:34:36","date_gmt":"2026-03-05T10:34:36","guid":{"rendered":"https:\/\/elsol.ch\/shop\/unkategorisiert\/tortillawaermer-fuer-mikrowelle-gruen\/"},"modified":"2026-03-05T11:34:36","modified_gmt":"2026-03-05T10:34:36","slug":"tortillawaermer-fuer-mikrowelle-gruen","status":"publish","type":"product","link":"https:\/\/elsol.ch\/es\/shop\/non-food\/tisch-kueche\/korbwaren-tortillawaermer\/tortillawaermer-fuer-mikrowelle-gruen\/","title":{"rendered":"Tortillaw\u00e4rmer, f\u00fcr Mikrowelle, gr\u00fcn"},"content":{"rendered":"","protected":false},"excerpt":{"rendered":"","protected":false},"featured_media":12871,"template":"","meta":[],"product_brand":[],"product_cat":[245,211,212],"product_tag":[],"class_list":{"0":"post-12802","1":"product","2":"type-product","3":"status-publish","4":"has-post-thumbnail","6":"product_cat-korbwaren-tortillawaermer","7":"product_cat-non-food","8":"product_cat-tisch-kueche","10":"first","11":"instock","12":"purchasable","13":"product-type-simple"},"_links":{"self":[{"href":"https:\/\/elsol.ch\/es\/wp-json\/wp\/v2\/product\/12802","targetHints":{"allow":["GET"]}}],"collection":[{"href":"https:\/\/elsol.ch\/es\/wp-json\/wp\/v2\/product"}],"about":[{"href":"https:\/\/elsol.ch\/es\/wp-json\/wp\/v2\/types\/product"}],"wp:featuredmedia":[{"embeddable":true,"href":"https:\/\/elsol.ch\/es\/wp-json\/wp\/v2\/media\/12871"}],"wp:attachment":[{"href":"https:\/\/elsol.ch\/es\/wp-json\/wp\/v2\/media?parent=12802"}],"wp:term":[{"taxonomy":"product_brand","embeddable":true,"href":"https:\/\/elsol.ch\/es\/wp-json\/wp\/v2\/product_brand?post=12802"},{"taxonomy":"product_cat","embeddable":true,"href":"https:\/\/elsol.ch\/es\/wp-json\/wp\/v2\/product_cat?post=12802"},{"taxonomy":"product_tag","embeddable":true,"href":"https:\/\/elsol.ch\/es\/wp-json\/wp\/v2\/product_tag?post=12802"}],"curies":[{"name":"wp","href":"https:\/\/api.w.org\/{rel}","templated":true}]}}