{"id":11581,"date":"2023-09-12T12:58:28","date_gmt":"2023-09-12T10:58:28","guid":{"rendered":"https:\/\/elsol.ch\/?page_id=11581"},"modified":"2023-09-12T12:59:24","modified_gmt":"2023-09-12T10:59:24","slug":"impressum","status":"publish","type":"page","link":"https:\/\/elsol.ch\/fr\/impressum\/","title":{"rendered":"Impressum"},"content":{"rendered":"<div class=\"wpb-content-wrapper\"><p>[vc_row full_width=&#8221;stretch_row_content&#8221; full_height=&#8221;yes&#8221; columns_placement=&#8221;stretch&#8221; equal_height=&#8221;yes&#8221; content_placement=&#8221;middle&#8221; columns_height=&#8221;adjust_cols_height&#8221; font_color=&#8221;#ffffff&#8221; background_style=&#8221;normal&#8221; css=&#8221;.vc_custom_1566219642364{margin-top: 0px !important;padding-top: 0px !important;background-color: #dd3333 !important;}&#8221;][vc_column css=&#8221;.vc_custom_1485446031871{margin-bottom: 0px !important;padding-top: 170px !important;padding-right: 15% !important;padding-bottom: 140px !important;padding-left: 15% !important;}&#8221; offset=&#8221;vc_col-lg-6 vc_col-md-6&#8243;][vc_column_text]<\/p>\n<h1 class=\"page-title on-shop\"><span style=\"color: #ffffff;\">Mentions l\u00e9gales<\/span><\/h1>\n<p>[\/vc_column_text][vc_separator color=&#8221;custom&#8221; accent_color=&#8221;#2c3653&#8243; css=&#8221;.vc_custom_1485445957596{margin-top: 75px !important;margin-bottom: 75px !important;}&#8221;][vc_row_inner][vc_column_inner][vc_custom_heading text=&#8221;Adresse de contact&#8221; font_container=&#8221;tag:h3|text_align:left|color:%23ffffff&#8221; google_fonts=&#8221;font_family:Nothing%20You%20Could%20Do%3Aregular|font_style:400%20regular%3A400%3Anormal&#8221; css=&#8221;.vc_custom_1565324735735{margin-bottom: 0px !important;}&#8221; el_class=&#8221;cr-swinging-text&#8221;][vc_column_text]<\/p>\n<p style=\"text-align: left; color: #ffffff;\">El Sol AG<br \/>\nLachenstrasse 10<br \/>\n4123 Allschwil<br \/>\nSchweiz<br \/>\ninfo@elsol.ch<\/p>\n<p>[\/vc_column_text][vc_custom_heading text=&#8221;Repr\u00e9sentants autoris\u00e9s&#8221; font_container=&#8221;tag:h3|text_align:left|color:%23ffffff&#8221; google_fonts=&#8221;font_family:Nothing%20You%20Could%20Do%3Aregular|font_style:400%20regular%3A400%3Anormal&#8221; css=&#8221;.vc_custom_1565324744940{margin-bottom: 0px !important;}&#8221; el_class=&#8221;cr-swinging-text&#8221;][vc_column_text]<\/p>\n<p style=\"text-align: left; color: #ffffff;\">R\u00e4to Schluep<\/p>\n<p>[\/vc_column_text][vc_custom_heading text=&#8221;Inscription au registre du commerce&#8221; font_container=&#8221;tag:h3|text_align:left|color:%23ffffff&#8221; google_fonts=&#8221;font_family:Nothing%20You%20Could%20Do%3Aregular|font_style:400%20regular%3A400%3Anormal&#8221; css=&#8221;.vc_custom_1565324753295{margin-bottom: 0px !important;}&#8221; el_class=&#8221;cr-swinging-text&#8221;][vc_column_text]<\/p>\n<p style=\"text-align: left; color: #ffffff;\">Eingetragener Firmenname: El Sol AG<br \/>\nNummer: CHE-107.400.878<br \/>\nHandelsregisteramt: Basel<\/p>\n<p>[\/vc_column_text][vc_custom_heading text=&#8221;Num\u00e9ro de TVA&#8221; font_container=&#8221;tag:h3|text_align:left|color:%23ffffff&#8221; google_fonts=&#8221;font_family:Nothing%20You%20Could%20Do%3Aregular|font_style:400%20regular%3A400%3Anormal&#8221; css=&#8221;.vc_custom_1565324761046{margin-bottom: 0px !important;}&#8221; el_class=&#8221;cr-swinging-text&#8221;][vc_column_text]<\/p>\n<p style=\"text-align: left; color: #ffffff;\">CHE-107.400.878<\/p>\n<p>[\/vc_column_text][\/vc_column_inner][\/vc_row_inner][\/vc_column][\/vc_row][vc_row type=&#8221;boxed&#8221; css=&#8221;.vc_custom_1530852151410{padding-top: 75px !important;padding-bottom: 50px !important;}&#8221;][vc_column][vc_column_text]<\/p>\n<h2>D\u00e9n\u00e9gation de responsabilit\u00e9<\/h2>\n<p>L&#8217;auteur d\u00e9cline toute responsabilit\u00e9 quant \u00e0 l&#8217;exactitude, la pr\u00e9cision, l&#8217;actualit\u00e9, la fiabilit\u00e9 et l&#8217;exhaustivit\u00e9 des informations mises \u00e0 disposition.<br \/>\nLa responsabilit\u00e9 de l&#8217;auteur est exclue en cas de dommages mat\u00e9riels ou immat\u00e9riels r\u00e9sultant de l&#8217;acc\u00e8s, de l&#8217;utilisation ou de la non-utilisation des informations publi\u00e9es, d&#8217;une mauvaise utilisation de la connexion ou de d\u00e9faillances techniques.<br \/>\nToutes les offres sont sans engagement. L&#8217;auteur se r\u00e9serve express\u00e9ment le droit de modifier, de compl\u00e9ter ou d&#8217;effacer des parties des pages ou l&#8217;ensemble de l&#8217;offre sans avis pr\u00e9alable ou d&#8217;en suspendre temporairement ou d\u00e9finitivement la publication.<\/p>\n<p>[\/vc_column_text][\/vc_column][\/vc_row][vc_section full_width=&#8221;stretch_row&#8221; css=&#8221;.vc_custom_1530852243169{background-color: #f9f9f9 !important;}&#8221;][vc_row type=&#8221;boxed&#8221; css=&#8221;.vc_custom_1530852190468{padding-top: 75px !important;padding-bottom: 50px !important;background-color: #f9f9f9 !important;}&#8221;][vc_column][vc_column_text]<\/p>\n<h2>Responsabilit\u00e9 pour les liens<\/h2>\n<p>Les r\u00e9f\u00e9rences et liens vers des sites Internet de tiers ne rel\u00e8vent pas de notre responsabilit\u00e9 et nous d\u00e9clinons toute responsabilit\u00e9 quant \u00e0 ces sites Internet. L&#8217;acc\u00e8s \u00e0 ces sites Web et leur utilisation se font aux risques et p\u00e9rils de l&#8217;utilisateur.<\/p>\n<h2>Droits d&#8217;auteur<\/h2>\n<p>Les droits d&#8217;auteur et tous les autres droits sur les contenus, images, photos ou autres fichiers du site Internet appartiennent exclusivement \u00e0 El Sol AG ou aux titulaires de droits d&#8217;auteur sp\u00e9cialement d\u00e9sign\u00e9s. La reproduction de tout \u00e9l\u00e9ment doit faire l&#8217;objet d&#8217;une autorisation \u00e9crite pr\u00e9alable du d\u00e9tenteur des droits d&#8217;auteur.<\/p>\n<p>[\/vc_column_text][\/vc_column][\/vc_row][\/vc_section][vc_section full_width=&#8221;stretch_row&#8221;][vc_row type=&#8221;boxed&#8221; css=&#8221;.vc_custom_1530852427467{padding-top: 75px !important;padding-bottom: 50px !important;}&#8221;][vc_column][vc_column_text]<\/p>\n<h2>Protection des donn\u00e9es<\/h2>\n<p>En vertu de l&#8217;article 13 de la Constitution f\u00e9d\u00e9rale et des dispositions de la Conf\u00e9d\u00e9ration relatives \u00e0 la protection des donn\u00e9es (loi sur la protection des donn\u00e9es, LPD), toute personne a droit \u00e0 la protection de sa vie priv\u00e9e et \u00e0 la protection contre l&#8217;utilisation abusive de ses donn\u00e9es personnelles. Nous nous conformons \u00e0 ces dispositions. Les donn\u00e9es personnelles sont trait\u00e9es de mani\u00e8re strictement confidentielle et ne sont ni vendues ni transmises \u00e0 des tiers.<br \/>\nEn \u00e9troite collaboration avec nos h\u00e9bergeurs, nous nous effor\u00e7ons de prot\u00e9ger au mieux les bases de donn\u00e9es contre tout acc\u00e8s non autoris\u00e9, perte, abus ou falsification.<br \/>\nLorsque vous acc\u00e9dez \u00e0 notre site Web, les donn\u00e9es suivantes sont stock\u00e9es dans des fichiers journaux : L&#8217;adresse IP, la date, l&#8217;heure, la demande de navigateur et les informations g\u00e9n\u00e9ralement transmises sur le syst\u00e8me d&#8217;exploitation ou le navigateur. Ces donn\u00e9es d&#8217;utilisation servent de base \u00e0 des \u00e9valuations statistiques et anonymes, permettant d&#8217;identifier les tendances et d&#8217;am\u00e9liorer nos offres en cons\u00e9quence.[\/vc_column_text][\/vc_column][\/vc_row][\/vc_section][vc_section full_width=&#8221;stretch_row&#8221; css=&#8221;.vc_custom_1530852557425{background-color: #f9f9f9 !important;}&#8221;][vc_row type=&#8221;boxed&#8221; css=&#8221;.vc_custom_1530852427467{padding-top: 75px !important;padding-bottom: 50px !important;}&#8221;][vc_column][vc_column_text]<\/p>\n<h2>Politique de confidentialit\u00e9 pour l&#8217;utilisation des plugins Facebook (comme bouton)<\/h2>\n<p>Sur nos pages sont plugins du r\u00e9seau social Facebook, 1601 South California Avenue, Palo Alto, CA 94304, USA int\u00e9gr\u00e9. Vous reconnaissez les plugins Facebook au logo Facebook ou au bouton &#8220;J&#8217;aime&#8221; sur notre page. Vous trouverez un aper\u00e7u des plugins Facebook ici : http:\/\/developers.facebook.com\/docs\/plugins\/<br \/>\nLorsque vous visitez nos pages, le plugin \u00e9tablit une connexion directe entre votre navigateur et le serveur Facebook. Facebook re\u00e7oit l&#8217;information que vous avez visit\u00e9 notre site avec votre adresse IP. Si vous cliquez sur le bouton &#8221; J&#8217;aime &#8221; de Facebook lorsque vous \u00eates connect\u00e9 \u00e0 votre compte Facebook, vous pouvez lier le contenu de nos pages \u00e0 votre profil Facebook. Cela permet \u00e0 Facebook d&#8217;associer la visite de nos pages \u00e0 votre compte utilisateur. Nous attirons votre attention sur le fait qu&#8217;en tant que fournisseur des pages, nous n&#8217;avons aucune connaissance du contenu des donn\u00e9es transmises ou de leur utilisation par Facebook. Vous trouverez de plus amples informations \u00e0 ce sujet dans la politique de confidentialit\u00e9 de facebook \u00e0 l&#8217;adresse https:\/\/www.facebook.com\/about\/privacy\/<br \/>\nSi vous ne voulez pas que Facebook puisse attribuer des visites \u00e0 nos pages \u00e0 votre compte utilisateur Facebook, veuillez vous d\u00e9connecter de votre compte utilisateur Facebook.<\/p>\n<p>&nbsp;<\/p>\n<p>[\/vc_column_text][\/vc_column][\/vc_row][\/vc_section][vc_section full_width=&#8221;stretch_row&#8221;][vc_row type=&#8221;boxed&#8221; css=&#8221;.vc_custom_1530852427467{padding-top: 75px !important;padding-bottom: 50px !important;}&#8221;][vc_column][vc_column_text]<\/p>\n<h2>R\u00e8gles de confidentialit\u00e9 pour l&#8217;utilisation de Google Analytics<\/h2>\n<p>Ce site Web utilise Google Analytics, un service d&#8217;analyse Web fourni par Google Inc. (&#8221; Google &#8220;). Google Analytics utilise des &#8220;cookies&#8221;, qui sont des fichiers texte plac\u00e9s sur votre ordinateur, pour aider le site Internet \u00e0 analyser l&#8217;utilisation du site par ses utilisateurs. Les informations g\u00e9n\u00e9r\u00e9es par les cookies concernant votre utilisation du site Web sont g\u00e9n\u00e9ralement transmises et stock\u00e9es par Google sur des serveurs situ\u00e9s aux \u00c9tats-Unis. Toutefois, si l&#8217;anonymisation de la propri\u00e9t\u00e9 intellectuelle est activ\u00e9e sur ce site Web, votre adresse IP sera pr\u00e9alablement raccourcie par Google dans les \u00c9tats membres de l&#8217;Union europ\u00e9enne ou dans les autres \u00c9tats signataires de l&#8217;accord sur l&#8217;Espace \u00e9conomique europ\u00e9en.<br \/>\nCe n&#8217;est que dans des cas exceptionnels que l&#8217;adresse IP compl\u00e8te sera transmise \u00e0 un serveur Google aux Etats-Unis o\u00f9 elle sera raccourcie. Google utilisera ces informations dans le but d&#8217;\u00e9valuer votre utilisation du site Web, de compiler des rapports sur l&#8217;activit\u00e9 du site Web pour les exploitants du site Web et de fournir d&#8217;autres services li\u00e9s \u00e0 l&#8217;activit\u00e9 du site Web et \u00e0 l&#8217;utilisation d&#8217;Internet. Google peut \u00e9galement transmettre ces informations \u00e0 des tiers lorsque la loi l&#8217;exige ou lorsque ces tiers traitent ces informations pour le compte de Google. L&#8217;adresse IP transmise par votre navigateur dans le cadre de Google Analytics n&#8217;est pas combin\u00e9e avec d&#8217;autres donn\u00e9es de Google.<br \/>\nVous pouvez refuser l&#8217;utilisation de cookies en s\u00e9lectionnant les param\u00e8tres appropri\u00e9s de votre navigateur, mais veuillez noter que si vous le faites, vous ne pourrez peut-\u00eatre pas utiliser toutes les fonctionnalit\u00e9s de ce site. En utilisant ce site Internet, vous consentez au traitement de vos donn\u00e9es nominatives par Google dans les conditions et pour les finalit\u00e9s d\u00e9crites ci-dessus.<\/p>\n<p>[\/vc_column_text][\/vc_column][\/vc_row][\/vc_section]<\/p>\n<\/div>","protected":false},"excerpt":{"rendered":"<p>[vc_row full_width=&#8221;stretch_row_content&#8221; full_height=&#8221;yes&#8221; columns_placement=&#8221;stretch&#8221; equal_height=&#8221;yes&#8221; content_placement=&#8221;middle&#8221; columns_height=&#8221;adjust_cols_height&#8221; font_color=&#8221;#ffffff&#8221; background_style=&#8221;normal&#8221; css=&#8221;.vc_custom_1566219642364{margin-top: 0px !important;padding-top: 0px !important;background-color: #dd3333 !important;}&#8221;][vc_column css=&#8221;.vc_custom_1485446031871{margin-bottom: 0px !important;padding-top: 170px !important;padding-right: 15% !important;padding-bottom: 140px !important;padding-left: 15% !important;}&#8221; offset=&#8221;vc_col-lg-6 vc_col-md-6&#8243;][vc_column_text] Mentions l\u00e9gales [\/vc_column_text][vc_separator color=&#8221;custom&#8221; accent_color=&#8221;#2c3653&#8243; css=&#8221;.vc_custom_1485445957596{margin-top: 75px !important;margin-bottom: 75px !important;}&#8221;][vc_row_inner][vc_column_inner][vc_custom_heading text=&#8221;Adresse de contact&#8221; font_container=&#8221;tag:h3|text_align:left|color:%23ffffff&#8221; google_fonts=&#8221;font_family:Nothing%20You%20Could%20Do%3Aregular|font_style:400%20regular%3A400%3Anormal&#8221; css=&#8221;.vc_custom_1565324735735{margin-bottom: 0px !important;}&#8221; el_class=&#8221;cr-swinging-text&#8221;][vc_column_text] El Sol AG Lachenstrasse 10 4123 Allschwil [&hellip;]<\/p>\n","protected":false},"author":1931,"featured_media":0,"parent":0,"menu_order":0,"comment_status":"closed","ping_status":"closed","template":"page-full-width.php","meta":{"footnotes":""},"class_list":["post-11581","page","type-page","status-publish","hentry"],"_links":{"self":[{"href":"https:\/\/elsol.ch\/fr\/wp-json\/wp\/v2\/pages\/11581","targetHints":{"allow":["GET"]}}],"collection":[{"href":"https:\/\/elsol.ch\/fr\/wp-json\/wp\/v2\/pages"}],"about":[{"href":"https:\/\/elsol.ch\/fr\/wp-json\/wp\/v2\/types\/page"}],"author":[{"embeddable":true,"href":"https:\/\/elsol.ch\/fr\/wp-json\/wp\/v2\/users\/1931"}],"replies":[{"embeddable":true,"href":"https:\/\/elsol.ch\/fr\/wp-json\/wp\/v2\/comments?post=11581"}],"version-history":[{"count":2,"href":"https:\/\/elsol.ch\/fr\/wp-json\/wp\/v2\/pages\/11581\/revisions"}],"predecessor-version":[{"id":11584,"href":"https:\/\/elsol.ch\/fr\/wp-json\/wp\/v2\/pages\/11581\/revisions\/11584"}],"wp:attachment":[{"href":"https:\/\/elsol.ch\/fr\/wp-json\/wp\/v2\/media?parent=11581"}],"curies":[{"name":"wp","href":"https:\/\/api.w.org\/{rel}","templated":true}]}}