{"id":2930,"date":"2018-07-05T05:06:26","date_gmt":"2018-07-05T05:06:26","guid":{"rendered":"https:\/\/elsol.ch\/?page_id=2930"},"modified":"2020-08-31T11:51:00","modified_gmt":"2020-08-31T09:51:00","slug":"gastronomie","status":"publish","type":"page","link":"https:\/\/elsol.ch\/fr\/gastronomie\/","title":{"rendered":"Dienstleistungen"},"content":{"rendered":"<div class=\"wpb-content-wrapper\"><p>[vc_row full_width=&#8221;stretch_row&#8221; css=&#8221;.vc_custom_1563884850408{padding-top: 225px !important;padding-bottom: 300px !important;background-image: url(https:\/\/elsol.ch\/wp-content\/uploads\/2019\/07\/shutterstock_1338525623-2.jpg?id=4560) !important;background-position: center !important;background-repeat: no-repeat !important;background-size: cover !important;}&#8221; el_class=&#8221;cr-the-banner&#8221;][vc_column][vc_row_inner][vc_column_inner width=&#8221;1\/6&#8243;][\/vc_column_inner][vc_column_inner width=&#8221;2\/3&#8243;][vc_column_text]<\/p>\n<h1 style=\"text-align: center;\"><span style=\"color: #000000;\">Services et support<\/span><\/h1>\n<p>[\/vc_column_text][\/vc_column_inner][vc_column_inner width=&#8221;1\/6&#8243;][\/vc_column_inner][\/vc_row_inner][\/vc_column][\/vc_row][vc_section full_width=&#8221;stretch_row&#8221; css=&#8221;.vc_custom_1562655766514{padding-top: 100px !important;background-color: #f9f9f9 !important;}&#8221;][vc_row type=&#8221;boxed&#8221;][vc_column width=&#8221;1\/2&#8243;][vc_column_text]<\/p>\n<p><strong>1. les services alimentaires<\/strong><\/p>\n<p>Nos clients de la gastronomie et du commerce de d\u00e9tail b\u00e9n\u00e9ficient de conditions sp\u00e9ciales. Nous livrons nos clients dans toute la Suisse chaque semaine avec notre flotte de v\u00e9hicules ou par commissionnaire de transport.<\/p>\n<p>Renseignements : <a href=\"mailto:info@elsol.ch\">info@elsol.ch<\/a><\/p>\n<p>[\/vc_column_text][\/vc_column][vc_column width=&#8221;1\/2&#8243;][vc_column_text]<strong><span style=\"vertical-align: inherit;\"><span style=\"vertical-align: inherit;\">2. Concepts et conseils<\/span><\/span><\/strong><\/p>\n<p><span style=\"vertical-align: inherit;\"><span style=\"vertical-align: inherit;\">Nous avons des d\u00e9cennies d&#8217;exp\u00e9rience dans le domaine de la gastronomie. <\/span><span style=\"vertical-align: inherit;\">Nous accompagnons nos clients in the development of new concepts and gastronomic concepts in the fields of languages \u200b\u200band languages.<\/span><\/span><\/p>\n<p><span style=\"vertical-align: inherit;\"><span style=\"vertical-align: inherit;\">Contact: <a href=\"mailto:r.schluep@elsol.ch\">r.schluep@elsol.ch<\/a><\/span><\/span>[\/vc_column_text][\/vc_column][\/vc_row][\/vc_section][vc_section full_width=&#8221;stretch_row&#8221; css=&#8221;.vc_custom_1562655776090{padding-bottom: 100px !important;background-color: #f9f9f9 !important;}&#8221;][vc_row type=&#8221;boxed&#8221;][vc_column width=&#8221;1\/2&#8243; css=&#8221;.vc_custom_1562572614014{background-color: #f9f9f9 !important;}&#8221;][vc_separator][vc_column_text]<strong>3. Magasin<\/strong><\/p>\n<p>Notre magasin est situ\u00e9 Lachenstrasse 10 \u00e0 4123 Allschwil, o\u00f9 nous offrons un large choix d&#8217;artisanat mexicain, de d\u00e9corations, de vaisselle et de meubles en plus de la nourriture.<\/p>\n<p>Heures d&#8217;ouverture :<\/p>\n<p><b class=\"ccr-time\">Lun &#8211; ven<\/b> 8:00 &#8211; 12:00 et 13:30 &#8211; 17:30<\/p>\n<p><b class=\"ccr-time\">Tous les derniers samedis du mois<\/b> 10:00 &#8211; 16:00<\/p>\n<p>[\/vc_column_text][\/vc_column][vc_column width=&#8221;1\/2&#8243; css=&#8221;.vc_custom_1562572620633{background-color: #f9f9f9 !important;}&#8221;][vc_separator][vc_column_text]<strong><span style=\"vertical-align: inherit;\"><span style=\"vertical-align: inherit;\">4. Importation<\/span><\/span><\/strong><\/p>\n<p><span style=\"vertical-align: inherit;\"><span style=\"vertical-align: inherit;\">Vous cherchez quelque chose de sp\u00e9cial du Mexique que nous n&#8217;avons pas dans notre assortiment? <\/span><span style=\"vertical-align: inherit;\">Pas de probl\u00e8me. <\/span><span style=\"vertical-align: inherit;\">Gr\u00e2ce \u00e0 nos meilleurs contacts au Mexique, nous sommes en mesure de r\u00e9pondre aux demandes de nos clients et d&#8217;importer des \u00e9quipements complets pour vous.<\/span><\/span><\/p>\n<p><span style=\"vertical-align: inherit;\"><span style=\"vertical-align: inherit;\">Renseignements: <a href=\"mailto:info@elsol.ch\">info@elsol.ch<\/a><\/span><\/span>[\/vc_column_text][\/vc_column][\/vc_row][\/vc_section]<\/p>\n<\/div>","protected":false},"excerpt":{"rendered":"<p>[vc_row full_width=&#8221;stretch_row&#8221; css=&#8221;.vc_custom_1563884850408{padding-top: 225px !important;padding-bottom: 300px !important;background-image: url(https:\/\/elsol.ch\/wp-content\/uploads\/2019\/07\/shutterstock_1338525623-2.jpg?id=4560) !important;background-position: center !important;background-repeat: no-repeat !important;background-size: cover !important;}&#8221; el_class=&#8221;cr-the-banner&#8221;][vc_column][vc_row_inner][vc_column_inner width=&#8221;1\/6&#8243;][\/vc_column_inner][vc_column_inner width=&#8221;2\/3&#8243;][vc_column_text] Services et support [\/vc_column_text][\/vc_column_inner][vc_column_inner width=&#8221;1\/6&#8243;][\/vc_column_inner][\/vc_row_inner][\/vc_column][\/vc_row][vc_section full_width=&#8221;stretch_row&#8221; css=&#8221;.vc_custom_1562655766514{padding-top: 100px !important;background-color: #f9f9f9 !important;}&#8221;][vc_row type=&#8221;boxed&#8221;][vc_column width=&#8221;1\/2&#8243;][vc_column_text] 1. les services alimentaires Nos clients de la gastronomie et du commerce de d\u00e9tail b\u00e9n\u00e9ficient de conditions sp\u00e9ciales. Nous livrons nos clients dans toute [&hellip;]<\/p>\n","protected":false},"author":788,"featured_media":0,"parent":0,"menu_order":0,"comment_status":"closed","ping_status":"closed","template":"page-full-width.php","meta":{"footnotes":""},"class_list":["post-2930","page","type-page","status-publish","hentry"],"_links":{"self":[{"href":"https:\/\/elsol.ch\/fr\/wp-json\/wp\/v2\/pages\/2930","targetHints":{"allow":["GET"]}}],"collection":[{"href":"https:\/\/elsol.ch\/fr\/wp-json\/wp\/v2\/pages"}],"about":[{"href":"https:\/\/elsol.ch\/fr\/wp-json\/wp\/v2\/types\/page"}],"author":[{"embeddable":true,"href":"https:\/\/elsol.ch\/fr\/wp-json\/wp\/v2\/users\/788"}],"replies":[{"embeddable":true,"href":"https:\/\/elsol.ch\/fr\/wp-json\/wp\/v2\/comments?post=2930"}],"version-history":[{"count":84,"href":"https:\/\/elsol.ch\/fr\/wp-json\/wp\/v2\/pages\/2930\/revisions"}],"predecessor-version":[{"id":8062,"href":"https:\/\/elsol.ch\/fr\/wp-json\/wp\/v2\/pages\/2930\/revisions\/8062"}],"wp:attachment":[{"href":"https:\/\/elsol.ch\/fr\/wp-json\/wp\/v2\/media?parent=2930"}],"curies":[{"name":"wp","href":"https:\/\/api.w.org\/{rel}","templated":true}]}}