{"id":3039,"date":"2018-07-06T04:56:13","date_gmt":"2018-07-06T04:56:13","guid":{"rendered":"https:\/\/elsol.ch\/?page_id=3039"},"modified":"2019-08-19T13:09:36","modified_gmt":"2019-08-19T13:09:36","slug":"agb","status":"publish","type":"page","link":"https:\/\/elsol.ch\/fr\/agb\/","title":{"rendered":"AGB"},"content":{"rendered":"<div class=\"wpb-content-wrapper\"><p>[vc_row full_width=&#8221;stretch_row_content&#8221; full_height=&#8221;yes&#8221; columns_placement=&#8221;stretch&#8221; equal_height=&#8221;yes&#8221; content_placement=&#8221;middle&#8221; columns_height=&#8221;adjust_cols_height&#8221; font_color=&#8221;#ffffff&#8221; background_style=&#8221;normal&#8221; css=&#8221;.vc_custom_1566220158361{margin-top: 0px !important;padding-top: 0px !important;background-color: #dd3333 !important;}&#8221;][vc_column css=&#8221;.vc_custom_1485446031871{margin-bottom: 0px !important;padding-top: 170px !important;padding-right: 15% !important;padding-bottom: 140px !important;padding-left: 15% !important;}&#8221; offset=&#8221;vc_col-lg-6 vc_col-md-6&#8243;][vc_column_text]<\/p>\n<h1 class=\"page-title on-shop\"><span style=\"color: #ffffff;\">AGB<\/span><\/h1>\n<p>[\/vc_column_text][vc_separator color=&#8221;custom&#8221; accent_color=&#8221;#ffffff&#8221; css=&#8221;.vc_custom_1566220165354{margin-top: 75px !important;margin-bottom: 75px !important;}&#8221;][vc_row_inner][vc_column_inner][vc_custom_heading text=&#8221;Conditions g\u00e9n\u00e9rales de vente<br \/>\nLivraison en Suisse et au Liechtenstein&#8221; font_container=&#8221;tag:h3|text_align:left|color:%23ffffff&#8221; use_theme_fonts=&#8221;yes&#8221; css=&#8221;.vc_custom_1566220172574{margin-bottom: 0px !important;}&#8221;][vc_column_text]<\/p>\n<p style=\"color: #ffffff;\">Tous les prix indiqu\u00e9s sont en francs suisses (CHF), TVA comprise et hors frais de port. Pour les commandes inf\u00e9rieures \u00e0 CHF 500 (valeur de la marchandise), les frais d&#8217;exp\u00e9dition et d&#8217;emballage sont \u00e0 la charge du client.<\/p>\n<p><a style=\"color: #ffffff;\">Les frais d&#8217;exp\u00e9dition d\u00e9pendent du poids. Colis jusqu&#8217;\u00e0 30 kg : CHF 12.00.<br \/>\nException : Pour les produits volumineux (p. ex. croustilles tortilla, sombreros, etc.), les frais de transport d\u00e9pendent du volume et du poids.<\/a><\/p>\n<p>[\/vc_column_text][\/vc_column_inner][\/vc_row_inner][\/vc_column][\/vc_row][vc_row type=&#8221;boxed&#8221; css=&#8221;.vc_custom_1530852151410{padding-top: 75px !important;padding-bottom: 50px !important;}&#8221;][vc_column][vc_column_text]<\/p>\n<h2>Conditions de livraison<\/h2>\n<p>Le produit est exp\u00e9di\u00e9 par DHL ou par transporteur. La remise a lieu contre signature. Veuillez entrer une adresse de livraison appropri\u00e9e pour recevoir la marchandise. Les livraisons d&#8217;un poids total de 120 kg ou plus seront remises au transporteur. Si un autre mode d&#8217;exp\u00e9dition est souhait\u00e9, il doit \u00eatre indiqu\u00e9 lors de la commande. Tous les frais suppl\u00e9mentaires qui en r\u00e9sultent sont \u00e0 la charge du client. Nous vous informerons volontiers sur les services d&#8217;exp\u00e9dition suppl\u00e9mentaires (livraison le samedi, Express, Camion, etc.). Les d\u00e9lais de livraison indiqu\u00e9s par EL SOL AG sont sans garantie.<\/p>\n<p>[\/vc_column_text][\/vc_column][\/vc_row][vc_section full_width=&#8221;stretch_row&#8221; css=&#8221;.vc_custom_1530852243169{background-color: #f9f9f9 !important;}&#8221;][vc_row type=&#8221;boxed&#8221; css=&#8221;.vc_custom_1530852190468{padding-top: 75px !important;padding-bottom: 50px !important;background-color: #f9f9f9 !important;}&#8221;][vc_column][vc_column_text]<\/p>\n<h2>Produits surgel\u00e9s<\/h2>\n<p>Les produits congel\u00e9s destin\u00e9s aux particuliers sont g\u00e9n\u00e9ralement exp\u00e9di\u00e9s par DHL. Le produit arrive d\u00e9congel\u00e9 chez le client et doit donc \u00eatre consomm\u00e9\/transform\u00e9 imm\u00e9diatement. Sur demande expresse, les produits surgel\u00e9s peuvent \u00e9galement \u00eatre livr\u00e9s \u00e0 des clients priv\u00e9s avec transport r\u00e9frig\u00e9r\u00e9 aux prix suivants : CHF 60 jusqu&#8217;\u00e0 45 kg. Pour plus de 45 kg, veuillez demander un devis.<br \/>\nLes produits congel\u00e9s sont toujours exp\u00e9di\u00e9s aux restaurants et aux d\u00e9taillants par camion r\u00e9frig\u00e9r\u00e9 (selon une liste de prix s\u00e9par\u00e9e).[\/vc_column_text][\/vc_column][\/vc_row][\/vc_section][vc_section full_width=&#8221;stretch_row&#8221;][vc_row type=&#8221;boxed&#8221; css=&#8221;.vc_custom_1530852427467{padding-top: 75px !important;padding-bottom: 50px !important;}&#8221;][vc_column][vc_column_text]<\/p>\n<h2>Exp\u00e9dition \u00e0 l&#8217;\u00e9tranger<\/h2>\n<p>Nous exp\u00e9dions uniquement en Suisse et au Lichtenstein. Les livraisons \u00e0 l&#8217;\u00e9tranger ne sont possibles qu&#8217;avec un transporteur mandat\u00e9 par le client. La conversion en euros d\u00e9pend du taux de change journalier de la date de facturation.[\/vc_column_text][\/vc_column][\/vc_row][\/vc_section][vc_section full_width=&#8221;stretch_row&#8221; css=&#8221;.vc_custom_1530852557425{background-color: #f9f9f9 !important;}&#8221;][vc_row type=&#8221;boxed&#8221; css=&#8221;.vc_custom_1530852427467{padding-top: 75px !important;padding-bottom: 50px !important;}&#8221;][vc_column][vc_column_text]<\/p>\n<h2>R\u00e9serve de propri\u00e9t\u00e9<\/h2>\n<p>La marchandise reste la propri\u00e9t\u00e9 de EL SOL AG jusqu&#8217;au paiement int\u00e9gral du prix. Les clients dont les factures sont en retard ne seront livr\u00e9s qu&#8217;apr\u00e8s paiement ou contre remboursement, le cas \u00e9ch\u00e9ant.<br \/>\nLa marchandise doit \u00eatre inspect\u00e9e par le client d\u00e8s sa r\u00e9ception. Les r\u00e9clamations ne peuvent nous \u00eatre adress\u00e9es par \u00e9crit que dans un d\u00e9lai de 5 jours. En cas de manipulation incorrecte par le client, toute responsabilit\u00e9 de notre part sera rejet\u00e9e. Il n&#8217;y a pas de demande d&#8217;indemnisation pour retard ou non-livraison.<\/p>\n<p>[\/vc_column_text][\/vc_column][\/vc_row][\/vc_section][vc_section full_width=&#8221;stretch_row&#8221;][vc_row type=&#8221;boxed&#8221; css=&#8221;.vc_custom_1530852427467{padding-top: 75px !important;padding-bottom: 50px !important;}&#8221;][vc_column][vc_column_text]<\/p>\n<h2>Tarifs<\/h2>\n<p>Tous les prix indiqu\u00e9s sur le site sont en francs suisses (CHF), TVA comprise, et sont destin\u00e9s \u00e0 l&#8217;usage personnel du client.<\/p>\n<h2>Commerce de gros (restaurants et revendeurs)<\/h2>\n<p>N&#8217;h\u00e9sitez pas \u00e0 demander nos tarifs pour la gastronomie ou les revendeurs.<\/p>\n<h2>Illustrations<\/h2>\n<p>Toutes les images sur le site www.elsol.ch sont fournies \u00e0 titre d&#8217;exemple \u00e0 des fins de documentation et ne refl\u00e8tent pas n\u00e9cessairement le produit r\u00e9el.<\/p>\n<p>[\/vc_column_text][\/vc_column][\/vc_row][\/vc_section]<\/p>\n<\/div>","protected":false},"excerpt":{"rendered":"<p>[vc_row full_width=&#8221;stretch_row_content&#8221; full_height=&#8221;yes&#8221; columns_placement=&#8221;stretch&#8221; equal_height=&#8221;yes&#8221; content_placement=&#8221;middle&#8221; columns_height=&#8221;adjust_cols_height&#8221; font_color=&#8221;#ffffff&#8221; background_style=&#8221;normal&#8221; css=&#8221;.vc_custom_1566220158361{margin-top: 0px !important;padding-top: 0px !important;background-color: #dd3333 !important;}&#8221;][vc_column css=&#8221;.vc_custom_1485446031871{margin-bottom: 0px !important;padding-top: 170px !important;padding-right: 15% !important;padding-bottom: 140px !important;padding-left: 15% !important;}&#8221; offset=&#8221;vc_col-lg-6 vc_col-md-6&#8243;][vc_column_text] AGB [\/vc_column_text][vc_separator color=&#8221;custom&#8221; accent_color=&#8221;#ffffff&#8221; css=&#8221;.vc_custom_1566220165354{margin-top: 75px !important;margin-bottom: 75px !important;}&#8221;][vc_row_inner][vc_column_inner][vc_custom_heading text=&#8221;Conditions g\u00e9n\u00e9rales de vente Livraison en Suisse et au Liechtenstein&#8221; font_container=&#8221;tag:h3|text_align:left|color:%23ffffff&#8221; use_theme_fonts=&#8221;yes&#8221; css=&#8221;.vc_custom_1566220172574{margin-bottom: 0px !important;}&#8221;][vc_column_text] Tous les [&hellip;]<\/p>\n","protected":false},"author":788,"featured_media":0,"parent":0,"menu_order":0,"comment_status":"closed","ping_status":"closed","template":"page-full-width.php","meta":{"footnotes":""},"class_list":["post-3039","page","type-page","status-publish","hentry"],"_links":{"self":[{"href":"https:\/\/elsol.ch\/fr\/wp-json\/wp\/v2\/pages\/3039","targetHints":{"allow":["GET"]}}],"collection":[{"href":"https:\/\/elsol.ch\/fr\/wp-json\/wp\/v2\/pages"}],"about":[{"href":"https:\/\/elsol.ch\/fr\/wp-json\/wp\/v2\/types\/page"}],"author":[{"embeddable":true,"href":"https:\/\/elsol.ch\/fr\/wp-json\/wp\/v2\/users\/788"}],"replies":[{"embeddable":true,"href":"https:\/\/elsol.ch\/fr\/wp-json\/wp\/v2\/comments?post=3039"}],"version-history":[{"count":37,"href":"https:\/\/elsol.ch\/fr\/wp-json\/wp\/v2\/pages\/3039\/revisions"}],"predecessor-version":[{"id":6372,"href":"https:\/\/elsol.ch\/fr\/wp-json\/wp\/v2\/pages\/3039\/revisions\/6372"}],"wp:attachment":[{"href":"https:\/\/elsol.ch\/fr\/wp-json\/wp\/v2\/media?parent=3039"}],"curies":[{"name":"wp","href":"https:\/\/api.w.org\/{rel}","templated":true}]}}